{"id":102,"date":"2018-10-12T18:22:16","date_gmt":"2018-10-12T15:22:16","guid":{"rendered":"https:\/\/silksoftwater.com\/?page_id=102"},"modified":"2020-02-22T23:32:34","modified_gmt":"2020-02-22T21:32:34","slug":"sobre-tecnologias-de-agua-de-seda","status":"publish","type":"page","link":"https:\/\/silksoftwater.com\/es\/sobre-tecnologias-de-agua-de-seda\/","title":{"rendered":"Acerca de las tecnolog\u00edas Silkwater"},"content":{"rendered":"<h2 style=\"text-align: center;\">Silicon Valley de la tecnolog\u00eda del agua<\/h2>\n<p>Durante m\u00e1s de veinte a\u00f1os, Silkwater Technologies ha liderado el camino proporcionando sistemas de acondicionamiento de agua sin sal y f\u00e1ciles de instalar. Nuestro sencillo filtro\/acondicionador de agua, que combina un sistema de tratamiento de agua dura con un filtro de agua del grifo, brinda agua cristalina, de mejor sabor y m\u00e1s suave a su hogar.<\/p>\n<figure id=\"attachment_407\" aria-describedby=\"caption-attachment-407\" style=\"width: 400px\" class=\"wp-caption alignleft\"><a href=\"https:\/\/silksoftwater.com\/wp-content\/uploads\/2018\/11\/Water-Desalination-Plant-Hadera-Israel.jpg\"><img loading=\"lazy\" decoding=\"async\" class=\"wp-image-407\" src=\"https:\/\/silksoftwater.com\/wp-content\/uploads\/2018\/11\/Water-Desalination-Plant-Hadera-Israel-150x150.jpg\" alt=\"\" width=\"400\" height=\"266\" srcset=\"https:\/\/silksoftwater.com\/wp-content\/uploads\/2018\/11\/Water-Desalination-Plant-Hadera-Israel-600x399.jpg 600w, https:\/\/silksoftwater.com\/wp-content\/uploads\/2018\/11\/Water-Desalination-Plant-Hadera-Israel-800x532.jpg 800w, https:\/\/silksoftwater.com\/wp-content\/uploads\/2018\/11\/Water-Desalination-Plant-Hadera-Israel.jpg 1539w\" sizes=\"auto, (max-width: 400px) 100vw, 400px\" \/><\/a><figcaption id=\"caption-attachment-407\" class=\"wp-caption-text\">Planta desalinizadora de agua de Hadera Israel<\/figcaption><\/figure>\n<p>Silkwater Technologies ha adoptado un enfoque m\u00e1s inteligente para resolver los problemas del agua potable. Nuestro sistema de triple acci\u00f3n, trata, desincrusta y filtra el agua dura de forma eficiente, efectiva y econ\u00f3mica. Nuestros muchos a\u00f1os de conocimiento, conocimientos y experiencia en el mercado de soluciones para el agua en Israel significan que somos la marca en la que puede confiar.<\/p>\n<p>Una grave falta de agua potable ha obligado a Israel como pa\u00eds a crear una floreciente industria de tecnolog\u00eda del agua. A pesar de tener fronteras con el Mar Rojo, el Mar Mediterr\u00e1neo y el Mar de Galilea, de agua dulce, Israel ha estado luchando contra una grave escasez de agua potable desde que se fund\u00f3 el Estado en 1948. Para sobrevivir, diversas iniciativas pol\u00edticas e incentivos gubernamentales han contribuido a la creaci\u00f3n de un Desde entonces, la floreciente industria de las tecnolog\u00edas del agua.<\/p>\n<p>El innovador riego por goteo, el reciclaje y la recuperaci\u00f3n del agua, la reutilizaci\u00f3n de aguas residuales y la desalinizaci\u00f3n del agua de mar han convertido a Israel en una fuerza pionera a nivel mundial, apodada por algunos como el &#039;Silicon Valley&#039; de la tecnolog\u00eda del agua.<\/p>\n<p>Silkwater Technologies se enorgullece de ofrecer a nuestros clientes de todo el mundo sistemas de tratamiento de agua dise\u00f1ados para durar, y la serie SW de acondicionadores de agua incluso viene con una garant\u00eda de 1 a\u00f1o para brindarle tranquilidad. Dependiendo del modelo, los productos Silkwater tambi\u00e9n cumplen totalmente con los est\u00e1ndares regulatorios NSF y ACS y WRAS en el Reino Unido.<\/p>\n<hr \/>\n<p style=\"text-align: center;\"><iframe loading=\"lazy\" src=\"https:\/\/www.youtube.com\/embed\/QK36bUaXw8k?rel=0\" width=\"800\" height=\"600\" frameborder=\"0\" allowfullscreen=\"allowfullscreen\"><\/iframe><\/p>","protected":false},"excerpt":{"rendered":"<p>Silicon Valley of Water Technology Durante m\u00e1s de veinte a\u00f1os, Silkwater Technologies ha sido l\u00edder en el suministro de sistemas de acondicionamiento de agua sin sal y f\u00e1ciles de instalar. Nuestro sencillo filtro\/acondicionador de agua, que combina un sistema de tratamiento de agua dura con un filtro de agua del grifo, le brinda agua cristalina, m\u00e1s suave y con mejor sabor a su hogar.<\/p>","protected":false},"author":1,"featured_media":0,"parent":0,"menu_order":0,"comment_status":"closed","ping_status":"closed","template":"","meta":{"footnotes":""},"class_list":["post-102","page","type-page","status-publish","hentry"],"jetpack_sharing_enabled":true,"_links":{"self":[{"href":"https:\/\/silksoftwater.com\/es\/wp-json\/wp\/v2\/pages\/102","targetHints":{"allow":["GET"]}}],"collection":[{"href":"https:\/\/silksoftwater.com\/es\/wp-json\/wp\/v2\/pages"}],"about":[{"href":"https:\/\/silksoftwater.com\/es\/wp-json\/wp\/v2\/types\/page"}],"author":[{"embeddable":true,"href":"https:\/\/silksoftwater.com\/es\/wp-json\/wp\/v2\/users\/1"}],"replies":[{"embeddable":true,"href":"https:\/\/silksoftwater.com\/es\/wp-json\/wp\/v2\/comments?post=102"}],"version-history":[{"count":0,"href":"https:\/\/silksoftwater.com\/es\/wp-json\/wp\/v2\/pages\/102\/revisions"}],"wp:attachment":[{"href":"https:\/\/silksoftwater.com\/es\/wp-json\/wp\/v2\/media?parent=102"}],"curies":[{"name":"wp","href":"https:\/\/api.w.org\/{rel}","templated":true}]}}