{"id":137,"date":"2018-10-21T23:58:31","date_gmt":"2018-10-21T20:58:31","guid":{"rendered":"https:\/\/silksoftwater.com\/?page_id=137"},"modified":"2019-11-27T00:15:30","modified_gmt":"2019-11-26T22:15:30","slug":"salt-free-water-conditioner","status":"publish","type":"page","link":"https:\/\/silksoftwater.com\/es\/","title":{"rendered":"Acondicionador de agua sin sal"},"content":{"rendered":"<p>El SW200XL de Silkwater Technologies es un acondicionador de agua para toda la casa sin sal ni qu\u00edmicos, dise\u00f1ado para durar toda la vida.<\/p>\n<p><img loading=\"lazy\" decoding=\"async\" class=\"alignleft size-thumbnail wp-image-317\" src=\"https:\/\/silksoftwater.com\/wp-content\/uploads\/2018\/10\/SW300-800x600-Cutaway-New-150x150.jpg\" alt=\"\" width=\"150\" height=\"150\" srcset=\"https:\/\/silksoftwater.com\/wp-content\/uploads\/2018\/10\/SW300-800x600-Cutaway-New-150x150.jpg 150w, https:\/\/silksoftwater.com\/wp-content\/uploads\/2018\/10\/SW300-800x600-Cutaway-New-100x100.jpg 100w, https:\/\/silksoftwater.com\/wp-content\/uploads\/2018\/10\/SW300-800x600-Cutaway-New-512x512.jpg 512w\" sizes=\"auto, (max-width: 150px) 100vw, 150px\" \/>El SW200XL se instala directamente en la l\u00ednea de entrada de agua de la casa principal y, a partir de entonces, requiere poco mantenimiento. El agua entrante pasa r\u00e1pidamente a trav\u00e9s de la c\u00e1mara en un estado turbulento donde se inducen electrones en el agua. Estos electrones provocan cambios en el comportamiento de los minerales y sales del agua, lo que no solo mejora la calidad del agua, sino que tambi\u00e9n elimina muchos problemas relacionados con el agua, como la acumulaci\u00f3n de cal y corrosi\u00f3n en los accesorios y electrodom\u00e9sticos. Esta tecnolog\u00eda de acondicionamiento del agua respetuosa con el medio ambiente no requiere sal ni productos qu\u00edmicos y pr\u00e1cticamente no requiere mantenimiento. Utiliza tecnolog\u00eda catal\u00edtica para convertir el calcio sin tratar en cristales de arogonita inofensivos que protegen los accesorios y electrodom\u00e9sticos de la plomer\u00eda contra la acumulaci\u00f3n de cal.<\/p>\n<p>El n\u00facleo met\u00e1lico del SW200XL est\u00e1 formado por varios metales que contienen una aleaci\u00f3n especial sin plomo y no ferrosos forjados en m\u00faltiples conductos curvos. Esta aleaci\u00f3n est\u00e1 compuesta por diferentes metales preciosos y semipreciosos que, en conjunto, hacen que el n\u00facleo sea extremadamente duro y altamente resistente a la corrosi\u00f3n. En comparaci\u00f3n con los sistemas de acondicionamiento de agua convencionales, que dependen de productos qu\u00edmicos y son costosos, el sistema de acondicionamiento de agua Silkwater Descaler ofrece una tecnolog\u00eda \u00fanica sin salmuera y sin productos qu\u00edmicos que es segura para el medio ambiente. Adem\u00e1s, este descalcificador utiliza tecnolog\u00eda de agua blanda que ofrece ahorros de energ\u00eda y costos de valor agregado al evitar la formaci\u00f3n de incrustaciones en electrodom\u00e9sticos, equipos de calefacci\u00f3n, radiadores, tuber\u00edas, etc.<\/p>\n<p>Debido a que el Acondicionador de Agua Ultra SW200XL tambi\u00e9n puede filtrar el cloro combinado en el agua y dejar el cloro libre m\u00e1s efectivo, el agua que circula por las tuber\u00edas a\u00fan puede matar cualquier bacteria o germen que pueda haberse asentado en el sistema de plomer\u00eda, sin importar a qu\u00e9 grifo o canilla conduzcan. Esto garantiza que el agua siempre estar\u00e1 libre de g\u00e9rmenes. Pero, no solo est\u00e1 libre de g\u00e9rmenes, sino que es saludable.<\/p>","protected":false},"excerpt":{"rendered":"<p>El SW200XL de Silkwater Technologies es un acondicionador de agua para toda la casa que no utiliza ni sal ni productos qu\u00edmicos y est\u00e1 dise\u00f1ado para durar toda la vida. El SW200XL se instala directamente en la l\u00ednea de entrada de agua principal de la casa y, a partir de entonces, requiere poco mantenimiento. El agua entrante pasa r\u00e1pidamente a trav\u00e9s de la c\u00e1mara en un estado turbulento donde...<\/p>","protected":false},"author":1,"featured_media":0,"parent":0,"menu_order":0,"comment_status":"closed","ping_status":"closed","template":"","meta":{"footnotes":""},"class_list":["post-137","page","type-page","status-publish","hentry"],"jetpack_sharing_enabled":true,"_links":{"self":[{"href":"https:\/\/silksoftwater.com\/es\/wp-json\/wp\/v2\/pages\/137","targetHints":{"allow":["GET"]}}],"collection":[{"href":"https:\/\/silksoftwater.com\/es\/wp-json\/wp\/v2\/pages"}],"about":[{"href":"https:\/\/silksoftwater.com\/es\/wp-json\/wp\/v2\/types\/page"}],"author":[{"embeddable":true,"href":"https:\/\/silksoftwater.com\/es\/wp-json\/wp\/v2\/users\/1"}],"replies":[{"embeddable":true,"href":"https:\/\/silksoftwater.com\/es\/wp-json\/wp\/v2\/comments?post=137"}],"version-history":[{"count":0,"href":"https:\/\/silksoftwater.com\/es\/wp-json\/wp\/v2\/pages\/137\/revisions"}],"wp:attachment":[{"href":"https:\/\/silksoftwater.com\/es\/wp-json\/wp\/v2\/media?parent=137"}],"curies":[{"name":"wp","href":"https:\/\/api.w.org\/{rel}","templated":true}]}}