{"id":1425,"date":"2020-10-06T14:12:54","date_gmt":"2020-10-06T11:12:54","guid":{"rendered":"https:\/\/silksoftwater.com\/?page_id=1425"},"modified":"2020-10-06T14:15:22","modified_gmt":"2020-10-06T11:15:22","slug":"tratamiento-de-aguas","status":"publish","type":"page","link":"https:\/\/silksoftwater.com\/es\/tratamiento-de-aguas\/","title":{"rendered":"Tratamiento de aguas"},"content":{"rendered":"<p>Muchas personas en todo el mundo viven en zonas con agua dura y ser\u00e1n conscientes de la presencia de cal en su hogar. Sin embargo, los efectos visibles de la cal en superficies como los fregaderos de acero inoxidable no son nada comparados con los efectos ocultos de la cal en la fontaner\u00eda y los electrodom\u00e9sticos del hogar. Con el tiempo, el agua dura forma naturalmente cal y recubre los elementos calefactores del interior de los electrodom\u00e9sticos, lo que hace que sean menos eficientes energ\u00e9ticamente y, en \u00faltima instancia, provoca fallos o aver\u00edas.<\/p>\n<p>Durante muchos a\u00f1os, Silkwater Technologies en Israel ha dise\u00f1ado, desarrollado o investigado productos especializados para el tratamiento del agua, como acondicionadores de agua, reductores de cal, descalcificadores de agua, inhibidores de cal, eliminadores de cal y otras tecnolog\u00edas de reducci\u00f3n de cal para clientes de todo el mundo.<\/p>\n<p>Cuando instala un acondicionador de agua o un reductor de cal Silkwater en su hogar, ayudar\u00e1 a proteger las tuber\u00edas, los electrodom\u00e9sticos y el sistema de calentamiento de agua de su hogar al controlar la acumulaci\u00f3n de cal, mantener la apariencia y prolongar la vida \u00fatil general. Tambi\u00e9n ahorrar\u00e1s dinero en productos de limpieza, facturas de energ\u00eda del hogar y costes de mantenimiento, adem\u00e1s de disfrutar de ba\u00f1os m\u00e1s jabonosos, duchas m\u00e1s agradables y agua con mejor sabor.<\/p>\n<p>La gama Silkwater Scale Reducer ofrece una soluci\u00f3n sencilla de instalar y olvidar para la mayor\u00eda de los hogares para ayudar a reducir la acumulaci\u00f3n de cal, sin mantenimiento. Todos los reductores de sarro Silkwater est\u00e1n dise\u00f1ados para durar muchos a\u00f1os dependiendo de la calidad y el uso del agua e incluyen una garant\u00eda Silkwater de un a\u00f1o.<\/p>","protected":false},"excerpt":{"rendered":"<p>Muchas personas de todo el mundo viven en zonas con agua dura y son conscientes de la presencia de cal en sus hogares. Sin embargo, los efectos visibles de la cal en superficies como los fregaderos de acero inoxidable no son nada en comparaci\u00f3n con los efectos ocultos de la cal en las tuber\u00edas y los electrodom\u00e9sticos del hogar. \u2026<\/p>","protected":false},"author":1,"featured_media":0,"parent":0,"menu_order":0,"comment_status":"closed","ping_status":"closed","template":"","meta":{"footnotes":""},"class_list":["post-1425","page","type-page","status-publish","hentry"],"jetpack_sharing_enabled":true,"_links":{"self":[{"href":"https:\/\/silksoftwater.com\/es\/wp-json\/wp\/v2\/pages\/1425","targetHints":{"allow":["GET"]}}],"collection":[{"href":"https:\/\/silksoftwater.com\/es\/wp-json\/wp\/v2\/pages"}],"about":[{"href":"https:\/\/silksoftwater.com\/es\/wp-json\/wp\/v2\/types\/page"}],"author":[{"embeddable":true,"href":"https:\/\/silksoftwater.com\/es\/wp-json\/wp\/v2\/users\/1"}],"replies":[{"embeddable":true,"href":"https:\/\/silksoftwater.com\/es\/wp-json\/wp\/v2\/comments?post=1425"}],"version-history":[{"count":0,"href":"https:\/\/silksoftwater.com\/es\/wp-json\/wp\/v2\/pages\/1425\/revisions"}],"wp:attachment":[{"href":"https:\/\/silksoftwater.com\/es\/wp-json\/wp\/v2\/media?parent=1425"}],"curies":[{"name":"wp","href":"https:\/\/api.w.org\/{rel}","templated":true}]}}