{"id":171,"date":"2018-10-23T13:47:23","date_gmt":"2018-10-23T10:47:23","guid":{"rendered":"https:\/\/silksoftwater.com\/?page_id=171"},"modified":"2019-11-27T00:32:45","modified_gmt":"2019-11-26T22:32:45","slug":"guia-rapida-de-instalacion-del-acondicionador-de-agua","status":"publish","type":"page","link":"https:\/\/silksoftwater.com\/es\/tratamiento-de-aguas\/acondicionador-de-agua\/guia-rapida-de-instalacion-del-acondicionador-de-agua\/","title":{"rendered":"Gu\u00eda r\u00e1pida de instalaci\u00f3n del acondicionador de agua"},"content":{"rendered":"<h3>\u00bfC\u00f3mo instalar el acondicionador de agua?<\/h3>\n<p>Necesitar\u00e1 las siguientes herramientas si decide hacer de este un proyecto de bricolaje.<\/p>\n<ul>\n<li>Un taladro y brocas variadas.<\/li>\n<li>2 llaves ajustables, de diferentes tama\u00f1os<\/li>\n<li>un cortador de tubos<\/li>\n<li>Baldes (plural) para recoger el agua que quede en el suministro principal despu\u00e9s del corte<\/li>\n<li>Es posible que se necesiten adaptadores a cada lado del acondicionador para adaptar el tama\u00f1o de su tuber\u00eda.<\/li>\n<\/ul>\n<p>Elija un lugar de f\u00e1cil acceso cerca del suministro principal de agua de su hogar. Desea asegurarse de que sea f\u00e1cil mantener y limpiar el acondicionador cada 3 a 6 meses. Recuerde, est\u00e1 tratando y filtrando todo el suministro de agua entrante para toda la casa.<\/p>\n<p>Las unidades de filtro de agua y descalcificador de Silkwater Technologies son relativamente f\u00e1ciles de instalar, pero si no tiene experiencia o no tiene la suficiente confianza en los proyectos de bricolaje, debe buscar ayuda profesional de un plomero local. A continuaci\u00f3n se explica c\u00f3mo instalar la unidad de filtraci\u00f3n.<\/p>\n<ul>\n<li>Cierre el suministro principal de agua y drene el sistema.<\/li>\n<li>Elija la nueva ubicaci\u00f3n para la unidad de filtrado y m\u00e1rquela. Si est\u00e1 ubicado fuera de la casa, elija un lugar que est\u00e9 a salvo de las heladas y del clima extremo. Tenga en cuenta que tendr\u00e1 que drenar el filtro de vez en cuando, as\u00ed que elija un lugar al que pueda llegar c\u00f3modamente.<\/li>\n<li>Cortar el tubo con un cortatubos.<\/li>\n<li>Instale la tuerca de compresi\u00f3n y los accesorios de pl\u00e1stico o lat\u00f3n seg\u00fan las instrucciones del fabricante. Se recomienda utilizar cinta para roscas de tuber\u00edas en los accesorios para un mejor sellado.<\/li>\n<li>Instale el filtro con los puertos de \u201centrada\u201d y \u201csalida\u201d orientados en la direcci\u00f3n correcta.<\/li>\n<li>Abra el suministro principal de agua y verifique si hay fugas.<\/li>\n<li>La instalaci\u00f3n se ha completado. Cada vez que necesite drenar y limpiar el filtro, gire la v\u00e1lvula en la parte inferior de la unidad de filtrado.<\/li>\n<\/ul>\n<h3>Instrucciones de instalaci\u00f3n detalladas:<\/h3>\n<p><strong>Gu\u00eda de instalaci\u00f3n del descalcificador de filtro de agua compacto SW100<\/strong><\/p>\n<p><strong>Gu\u00eda de instalaci\u00f3n del descalcificador de filtro de agua de acero inoxidable SW150<br \/>\n<\/strong><\/p>\n<p><a href=\"https:\/\/silksoftwater.com\/es\/acondicionador-de-agua\/guia-de-instalacion-del-acondicionador-de-agua-sw300\/\"><strong>Gu\u00eda de instalaci\u00f3n del descalcificador de filtro de agua para toda la casa SW300<\/strong><\/a><\/p>\n<p><a href=\"https:\/\/silksoftwater.com\/es\/acondicionador-de-agua\/guia-de-instalacion-del-acondicionador-de-agua-sw301-bsbt\/\"><strong>Descalcificador de filtro de agua para toda la casa SW301 - Gu\u00eda de instalaci\u00f3n BSBT<\/strong><\/a><\/p>\n<hr \/>\n<p style=\"text-align: center;\"><strong>Mire a Richard Trethewey, experto en plomer\u00eda y calefacci\u00f3n de \u201cPreg\u00fantele a esta vieja casa\u201d, mientras instala un filtro de agua t\u00edpico para toda la casa.<\/strong><\/p>\n<p><iframe loading=\"lazy\" src=\"https:\/\/www.youtube.com\/embed\/QLm89HA4EFU?rel=0\" width=\"600\" height=\"400\" frameborder=\"0\" allowfullscreen=\"allowfullscreen\"><span style=\"display: inline-block; width: 0px; overflow: hidden; line-height: 0;\" data-mce-type=\"bookmark\" class=\"mce_SELRES_start\"><\/span><\/iframe><\/p>","protected":false},"excerpt":{"rendered":"<p>How To Install the Water Conditioner? You\u2019ll need the following tools if you choose to make this a DIY project. A drill and assorted drill bits 2 adjustable wrenches, different sizes A tubing cutter Buckets (plural) to catch any water remaining in your main supply after shut off Adapters may &hellip;<\/p>","protected":false},"author":1,"featured_media":0,"parent":51,"menu_order":0,"comment_status":"closed","ping_status":"closed","template":"","meta":{"footnotes":""},"class_list":["post-171","page","type-page","status-publish","hentry"],"jetpack_sharing_enabled":true,"_links":{"self":[{"href":"https:\/\/silksoftwater.com\/es\/wp-json\/wp\/v2\/pages\/171","targetHints":{"allow":["GET"]}}],"collection":[{"href":"https:\/\/silksoftwater.com\/es\/wp-json\/wp\/v2\/pages"}],"about":[{"href":"https:\/\/silksoftwater.com\/es\/wp-json\/wp\/v2\/types\/page"}],"author":[{"embeddable":true,"href":"https:\/\/silksoftwater.com\/es\/wp-json\/wp\/v2\/users\/1"}],"replies":[{"embeddable":true,"href":"https:\/\/silksoftwater.com\/es\/wp-json\/wp\/v2\/comments?post=171"}],"version-history":[{"count":0,"href":"https:\/\/silksoftwater.com\/es\/wp-json\/wp\/v2\/pages\/171\/revisions"}],"up":[{"embeddable":true,"href":"https:\/\/silksoftwater.com\/es\/wp-json\/wp\/v2\/pages\/51"}],"wp:attachment":[{"href":"https:\/\/silksoftwater.com\/es\/wp-json\/wp\/v2\/media?parent=171"}],"curies":[{"name":"wp","href":"https:\/\/api.w.org\/{rel}","templated":true}]}}