{"id":229,"date":"2018-10-24T15:27:05","date_gmt":"2018-10-24T12:27:05","guid":{"rendered":"https:\/\/silksoftwater.com\/?page_id=229"},"modified":"2020-02-22T14:40:11","modified_gmt":"2020-02-22T12:40:11","slug":"polifosfatos-en-el-tratamiento-de-aguas-duras","status":"publish","type":"page","link":"https:\/\/silksoftwater.com\/es\/tratamiento-de-aguas\/acondicionador-de-agua\/polifosfatos-en-el-tratamiento-de-aguas-duras\/","title":{"rendered":"Polifosfatos en el tratamiento de aguas duras"},"content":{"rendered":"<h2>Mineral esencial<\/h2>\n<p>Los polifosfatos se utilizan en el secuestro de minerales en los sistemas de agua de las autoridades municipales y locales de todo el mundo para controlar los problemas del agua dura, como el hierro y el calcio, en el agua potable. Los polifosfatos son un mineral esencial en el cuerpo humano y desempe\u00f1an un papel clave en la coagulaci\u00f3n de la sangre. Producidas y liberadas por las plaquetas, activan el factor XII, que es esencial para la formaci\u00f3n de co\u00e1gulos sangu\u00edneos. A escala industrial, los polifosfatos se obtienen mediante la extracci\u00f3n de minerales o mediante extracci\u00f3n de plantas.<\/p>\n<p><a href=\"https:\/\/silksoftwater.com\/wp-content\/uploads\/2018\/10\/Polyphosphate-Beads.jpg\"><img loading=\"lazy\" decoding=\"async\" class=\"size-thumbnail wp-image-240 alignleft\" src=\"https:\/\/silksoftwater.com\/wp-content\/uploads\/2018\/10\/Polyphosphate-Beads-150x150.jpg\" alt=\"\" width=\"150\" height=\"150\" srcset=\"https:\/\/silksoftwater.com\/wp-content\/uploads\/2018\/10\/Polyphosphate-Beads-150x150.jpg 150w, https:\/\/silksoftwater.com\/wp-content\/uploads\/2018\/10\/Polyphosphate-Beads-100x100.jpg 100w, https:\/\/silksoftwater.com\/wp-content\/uploads\/2018\/10\/Polyphosphate-Beads-512x512.jpg 512w\" sizes=\"auto, (max-width: 150px) 100vw, 150px\" \/><\/a>Est\u00e1n disponibles en forma l\u00edquida o s\u00f3lida para adaptarse a diferentes necesidades de aplicaci\u00f3n. La forma s\u00f3lida que utilizamos se asemeja a cuentas o gr\u00e1nulos transparentes. Estos gr\u00e1nulos se pueden utilizar en productos de tratamiento de agua como filtros y descalcificadores.<\/p>\n<p>Silkwater Technologies utiliza cristales de polifosfato para tratar y secuestrar calcio, aragonito y minerales de agua dura en nuestros productos desincrustantes de filtros. El polifosfato utilizado en el acondicionamiento del agua puede eliminar el uso de un ablandador de agua de intercambio i\u00f3nico en muchos casos y suele ser m\u00e1s econ\u00f3mico y respetuoso con el medio ambiente, ya que no necesita regenerarse, no produce desperdicio de agua ni salmuera y ahorra en compras de sal.<\/p>\n<h3>C\u00f3mo funciona en el tratamiento de agua.<\/h3>\n<p>A medida que el agua sin tratar pasa a trav\u00e9s del descalcificador del filtro de agua, una peque\u00f1a cantidad de polifosfato se disuelve muy lentamente en la corriente de agua y cambia la forma en que reaccionan el calcio y el hierro en el agua. Los fosfatos en general se utilizan en sistemas de tratamiento de agua para inhibir la corrosi\u00f3n de las tuber\u00edas de agua y de plomer\u00eda (hierro, acero, galvanizado, plomo, cobre), secuestrar metales molestos en el suministro de agua (hierro, manganeso, calcio, magnesio).<\/p>\n<h3>Beneficios de usar polifosfatos en agua:<\/h3>\n<ul>\n<li>Evite las manchas \u201crojas\u201d (por el hierro) y las manchas \u201cnegras\u201d (por el manganeso) del agua.<\/li>\n<li>Reducir el plomo y el cobre solubles en el agua potable.<\/li>\n<li>Limpiar y disolver incrustaciones minerales precipitadas ya existentes en las l\u00edneas de distribuci\u00f3n de agua.<\/li>\n<li>Previene y\/o retarda la formaci\u00f3n de incrustaciones (por dep\u00f3sito de minerales) y la corrosi\u00f3n (por pH bajo y\/o metales diferentes) en el sistema de distribuci\u00f3n de agua.<\/li>\n<\/ul>","protected":false},"excerpt":{"rendered":"<p>Los polifosfatos minerales esenciales se utilizan en los sistemas de agua de las autoridades municipales y locales de todo el mundo para secuestrar minerales y controlar los problemas relacionados con el agua dura, como el hierro y el calcio en el agua potable. Los polifosfatos son un mineral esencial para el cuerpo humano y desempe\u00f1an un papel fundamental en la coagulaci\u00f3n de la sangre. Producidos y procesados \u2026<\/p>","protected":false},"author":1,"featured_media":0,"parent":51,"menu_order":0,"comment_status":"closed","ping_status":"closed","template":"","meta":{"footnotes":""},"class_list":["post-229","page","type-page","status-publish","hentry"],"jetpack_sharing_enabled":true,"_links":{"self":[{"href":"https:\/\/silksoftwater.com\/es\/wp-json\/wp\/v2\/pages\/229","targetHints":{"allow":["GET"]}}],"collection":[{"href":"https:\/\/silksoftwater.com\/es\/wp-json\/wp\/v2\/pages"}],"about":[{"href":"https:\/\/silksoftwater.com\/es\/wp-json\/wp\/v2\/types\/page"}],"author":[{"embeddable":true,"href":"https:\/\/silksoftwater.com\/es\/wp-json\/wp\/v2\/users\/1"}],"replies":[{"embeddable":true,"href":"https:\/\/silksoftwater.com\/es\/wp-json\/wp\/v2\/comments?post=229"}],"version-history":[{"count":0,"href":"https:\/\/silksoftwater.com\/es\/wp-json\/wp\/v2\/pages\/229\/revisions"}],"up":[{"embeddable":true,"href":"https:\/\/silksoftwater.com\/es\/wp-json\/wp\/v2\/pages\/51"}],"wp:attachment":[{"href":"https:\/\/silksoftwater.com\/es\/wp-json\/wp\/v2\/media?parent=229"}],"curies":[{"name":"wp","href":"https:\/\/api.w.org\/{rel}","templated":true}]}}