{"id":258,"date":"2018-10-27T23:47:10","date_gmt":"2018-10-27T21:47:10","guid":{"rendered":"https:\/\/silksoftwater.com\/?page_id=258"},"modified":"2019-04-05T00:49:55","modified_gmt":"2019-04-04T21:49:55","slug":"terminos-y-condiciones","status":"publish","type":"page","link":"https:\/\/silksoftwater.com\/es\/terminos-y-condiciones\/","title":{"rendered":"T\u00e9rminos y condiciones"},"content":{"rendered":"<p>Bienvenido a www.silksoftwater.com, el sitio web y la tienda en l\u00ednea de Silkwater Technologies. Silkwater Technologies y sus asociados le brindan sus servicios sujetos a las siguientes condiciones. Si visitas o compras en este sitio web, aceptas estas condiciones. Si contin\u00faa navegando y utilizando este sitio web, acepta cumplir y estar sujeto a los siguientes t\u00e9rminos y condiciones de uso, que junto con nuestra Pol\u00edtica de Privacidad rigen la relaci\u00f3n de Silkwater Technologies con usted en relaci\u00f3n con este sitio web. Si no est\u00e1 de acuerdo con alguna parte de estos t\u00e9rminos y condiciones, no utilice nuestro sitio web. Por favor l\u00e9alos atentamente.<\/p>\n<p>El t\u00e9rmino &quot;nosotros&quot; o &quot;nosotros&quot; o &quot;nuestro&quot; se refiere al propietario del sitio web, Silkwater Technologies, cuya oficina est\u00e1 en 11 Rotman Street, Hadera, 3826707, Israel. El t\u00e9rmino &quot;usted&quot; se refiere al usuario o espectador de nuestro sitio web.<\/p>\n<p>El uso de este sitio web est\u00e1 sujeto a los siguientes t\u00e9rminos de uso:<\/p>\n<ul>\n<li>El contenido de las p\u00e1ginas de este sitio web es para su informaci\u00f3n general y uso \u00fanicamente. Est\u00e1 sujeto a cambios sin previo aviso.<\/li>\n<li>Este sitio web utiliza cookies. Para obtener m\u00e1s informaci\u00f3n sobre el uso de cookies, consulte nuestra Pol\u00edtica de privacidad.<\/li>\n<li>Ni nosotros ni terceros ofrecemos ninguna garant\u00eda en cuanto a la exactitud, puntualidad, rendimiento, integridad o idoneidad de la informaci\u00f3n y los materiales encontrados u ofrecidos en este sitio web para ning\u00fan prop\u00f3sito particular. Usted reconoce que dicha informaci\u00f3n y materiales pueden contener inexactitudes o errores y excluimos expresamente la responsabilidad por dichas inexactitudes o errores en la m\u00e1xima medida permitida por la ley.<\/li>\n<li>El uso que usted haga de cualquier informaci\u00f3n o material en este sitio web es bajo su propio riesgo, del cual no seremos responsables. Ser\u00e1 su propia responsabilidad asegurarse de que cualquier producto, servicio o informaci\u00f3n disponible a trav\u00e9s de este sitio web cumpla con sus requisitos espec\u00edficos.<\/li>\n<li>Este sitio web contiene material que es de nuestra propiedad, tiene licencia para nosotros o es proporcionado por FILTERPEDIA LLC. Este material incluye, entre otros, el dise\u00f1o, la disposici\u00f3n, el aspecto, la apariencia y los gr\u00e1ficos. La reproducci\u00f3n est\u00e1 prohibida excepto de conformidad con el aviso de derechos de autor, que forma parte de estos t\u00e9rminos y condiciones.<\/li>\n<li>Todas las marcas comerciales reproducidas en este sitio web, que no son propiedad ni tienen licencia del operador, se reconocen en el sitio web.<\/li>\n<li>El uso no autorizado de este sitio web puede dar lugar a una reclamaci\u00f3n por da\u00f1os y perjuicios y\/o constituir un delito penal.<\/li>\n<li>De vez en cuando, este sitio web tambi\u00e9n puede incluir enlaces a otros sitios web. Estos enlaces se proporcionan para su comodidad para proporcionar m\u00e1s informaci\u00f3n. No significan que respaldemos los sitios web. No tenemos ninguna responsabilidad por el contenido de los sitios web vinculados.<\/li>\n<li>Su uso de este sitio web y cualquier disputa que surja de dicho uso del sitio web est\u00e1 sujeto a las leyes del Estado de Israel.<\/li>\n<\/ul>\n<p>\u200b<\/p>\n<p><strong>PRIVACIDAD<\/strong><\/p>\n<p>Revise nuestra Pol\u00edtica de privacidad, que tambi\u00e9n rige su visita a nuestro sitio web, para comprender nuestras pr\u00e1cticas y c\u00f3mo manejamos su informaci\u00f3n personal.<\/p>\n<p><strong>COMUNICACIONES ELECTR\u00d3NICAS<\/strong><\/p>\n<p>Cuando visita www.silksoftwater.com o nos env\u00eda correos electr\u00f3nicos, se comunica con nosotros electr\u00f3nicamente. Usted acepta recibir nuestras comunicaciones electr\u00f3nicamente. Nos comunicaremos con usted por correo electr\u00f3nico o publicando avisos en este sitio. Usted acepta que todos los acuerdos, avisos, divulgaciones y otras comunicaciones que le proporcionamos electr\u00f3nicamente satisfacen cualquier requisito legal de que dichas comunicaciones se realicen por escrito.<\/p>\n<p><strong>DERECHOS DE AUTOR<\/strong><\/p>\n<p>Todo el contenido incluido en este sitio, como texto, gr\u00e1ficos, logotipos, \u00edconos de botones, im\u00e1genes, clips de audio, descargas digitales, compilaciones de datos y software, es propiedad de Silkwater Technologies o sus proveedores de contenido y est\u00e1 protegido por leyes internacionales de derechos de autor. La compilaci\u00f3n de todo el contenido de este sitio es propiedad exclusiva de Silkwater Technologies, con la autor\u00eda de los derechos de autor de esta colecci\u00f3n de Silkwater Technologies y protegida por las leyes internacionales de derechos de autor.<\/p>\n<p><strong>MARCAS COMERCIALES<\/strong><\/p>\n<p>Las marcas comerciales y la imagen comercial de Silkwater Technologies no se pueden utilizar en relaci\u00f3n con ning\u00fan producto o servicio que no sea Silkwater Technologies, de ninguna manera que pueda causar confusi\u00f3n entre los clientes, o de cualquier manera que menosprecie o desacredite a Silkwater Technologies. Todas las dem\u00e1s marcas comerciales que no son propiedad de Silkwater Technologies o sus subsidiarias que aparecen en este sitio son propiedad de sus respectivos due\u00f1os, quienes pueden o no estar afiliados, conectados o patrocinados por Silkwater Technologies o sus subsidiarias.<\/p>\n<p><strong>LICENCIA Y ACCESO AL SITIO<\/strong><\/p>\n<p>Le otorgamos una licencia limitada para acceder y hacer uso personal de este sitio y no para descargarlo (excepto el almacenamiento en cach\u00e9 de la p\u00e1gina) ni modificarlo, ni ninguna parte del mismo, excepto con el consentimiento expreso por escrito de Silkwater Technologies. Esta licencia no incluye ninguna reventa o uso comercial de este sitio o su contenido: cualquier recopilaci\u00f3n y uso de listados de productos, descripciones o precios: cualquier uso derivado de este sitio o su contenido: cualquier descarga o copia de informaci\u00f3n de cuenta para el beneficio de otro comerciante: o cualquier uso de miner\u00eda de datos, robots o herramientas similares de recopilaci\u00f3n y extracci\u00f3n de datos. Este sitio o cualquier parte de este sitio no puede reproducirse, duplicarse, copiarse, venderse, revenderse, visitarse ni explotarse de otro modo para ning\u00fan prop\u00f3sito comercial sin nuestro consentimiento expreso por escrito. No puede enmarcar ni utilizar t\u00e9cnicas de enmarcado para incluir ninguna marca comercial, logotipo u otra informaci\u00f3n de propiedad exclusiva (incluidas im\u00e1genes, texto, dise\u00f1o de p\u00e1gina o formulario) de Silkwater Technologies y nuestros asociados sin el consentimiento expreso por escrito. No puede utilizar metaetiquetas ni ning\u00fan otro &quot;texto oculto&quot; utilizando nuestro nombre o marcas comerciales sin nuestro consentimiento expreso por escrito. Cualquier uso no autorizado rescinde el permiso o licencia otorgado por Silkwater Technologies. Se le otorga un derecho limitado, revocable y no exclusivo para crear un hiperv\u00ednculo a la p\u00e1gina de inicio de www.silksoftwater.com siempre que el v\u00ednculo no represente a Silkwater Technologies, sus asociados o sus productos o servicios de manera falsa, enga\u00f1osa, material despectivo o de otro modo ofensivo. No puede utilizar nuestro logotipo ni otros gr\u00e1ficos o marcas comerciales patentados como parte del enlace sin nuestro permiso expreso por escrito.<\/p>\n<p><strong>SU CUENTA DE CLIENTE O MEMBRES\u00cdA<\/strong><\/p>\n<p>Si utiliza este sitio, es responsable de mantener la confidencialidad de su cuenta y contrase\u00f1a y de restringir el acceso a su computadora, y acepta la responsabilidad de todas las actividades que ocurran bajo su cuenta o contrase\u00f1a. Si es menor de 18 a\u00f1os, puede utilizar nuestro sitio web \u00fanicamente con la participaci\u00f3n de un padre o tutor. Silkwater Technologies y sus asociados se reservan el derecho de rechazar el servicio, cancelar cuentas, eliminar o editar contenido o cancelar pedidos a su exclusivo criterio.<\/p>\n<p><strong>RESE\u00d1AS, COMENTARIOS, CORREOS ELECTR\u00d3NICOS Y OTRO CONTENIDO<\/strong><\/p>\n<p>Si est\u00e1 disponible, los visitantes pueden publicar rese\u00f1as, comentarios y otro contenido: y enviar sugerencias, ideas, comentarios, preguntas u otra informaci\u00f3n, siempre y cuando el contenido no sea ilegal, obsceno, amenazante, difamatorio, invasivo de la privacidad o que infrinja los derechos intelectuales. derechos de propiedad, o de otro modo perjudicial para terceros o objetable y no consiste ni contiene virus de software, campa\u00f1as pol\u00edticas, solicitudes comerciales, cartas en cadena, correos masivos o cualquier forma de &quot;spam&quot;. No puede utilizar una direcci\u00f3n de correo electr\u00f3nico falsa, hacerse pasar por ninguna persona o entidad ni enga\u00f1ar de otro modo sobre el origen de una tarjeta u otro contenido. Nos reservamos el derecho (pero no la obligaci\u00f3n) de eliminar o editar dicho contenido, pero no revisamos peri\u00f3dicamente el contenido publicado. Si publica contenido o env\u00eda material, y a menos que indiquemos lo contrario, nos otorga a nosotros y a nuestros asociados un derecho no exclusivo, libre de regal\u00edas, perpetuo, irrevocable y totalmente sublicenciable para usar, reproducir, modificar, adaptar, publicar, traducir, crear. trabajos derivados, distribuir y mostrar dicho contenido en todo el mundo en cualquier medio. Usted otorga a Silkwater Technologies y sus asociados y sublicenciatarios el derecho de usar el nombre que env\u00ede en relaci\u00f3n con dicho contenido, si as\u00ed lo desean. Usted declara y garantiza que posee o controla todos los derechos sobre el contenido que publica: que el contenido es preciso: que el uso del contenido que proporciona no viola esta pol\u00edtica y no causar\u00e1 da\u00f1o a ninguna persona o entidad: y que indemnizar\u00e1 a Silkwater Technologies o sus asociados por todos los reclamos resultantes del contenido que usted proporcione. Silkwater Technologies tiene el derecho, pero no la obligaci\u00f3n, de monitorear, editar o eliminar cualquier actividad o contenido. No asumimos ninguna responsabilidad por el contenido publicado por usted o por un tercero.<\/p>\n<p><strong>RIESGO DE P\u00c9RDIDA<\/strong><\/p>\n<p>Los art\u00edculos adquiridos en Silkwater Technologies a trav\u00e9s de la tienda en l\u00ednea del sitio web www.silksoftwater.com se suministran de conformidad con un contrato de env\u00edo. B\u00e1sicamente, esto significa que el riesgo de p\u00e9rdida y el t\u00edtulo de dichos art\u00edculos pasan a usted en el momento de nuestra entrega al transportista.<\/p>\n<p><strong>DESCRIPCIONES DE PRODUCTOS<\/strong><\/p>\n<p>Silkwater Technologies y sus asociados intentan ser lo m\u00e1s precisos posible. Sin embargo, no garantizamos que las descripciones de productos u otro contenido de este sitio sean precisos, completos, confiables, actuales o est\u00e9n libres de errores. Si un producto que ofrecemos no se corresponde con la descripci\u00f3n, su \u00fanico recurso es devolverlo sin usar.<\/p>\n<p><strong>RENUNCIA DE GARANT\u00cdAS Y LIMITACI\u00d3N DE RESPONSABILIDAD<\/strong><\/p>\n<p>Silkwater Technologies proporciona este sitio &quot;tal cual&quot; y &quot;seg\u00fan disponibilidad&quot;. No hacemos representaciones ni garant\u00edas de ning\u00fan tipo, expresas o impl\u00edcitas, en cuanto al funcionamiento de este sitio o la informaci\u00f3n, contenido, materiales o productos incluidos en este sitio. Usted acepta expresamente que el uso de este sitio es bajo su propio riesgo. En la m\u00e1xima medida permitida por la ley aplicable, Silkwater Technologies renuncia a todas las garant\u00edas, expresas o impl\u00edcitas, incluidas, entre otras, las garant\u00edas impl\u00edcitas de comerciabilidad e idoneidad para un prop\u00f3sito particular. Silkwater Technologies no garantiza que este sitio, sus servidores o el correo electr\u00f3nico enviado desde Silkwater Technologies est\u00e9n libres de virus u otros componentes da\u00f1inos. Silkwater Technologies no ser\u00e1 responsable de ning\u00fan da\u00f1o de ning\u00fan tipo que surja del uso de este sitio web, incluidos, entre otros, da\u00f1os directos, indirectos, incidentales, punitivos y consecuentes. Ciertas leyes espec\u00edficas de estados o pa\u00edses no permiten limitaciones de las garant\u00edas impl\u00edcitas o la exclusi\u00f3n o limitaci\u00f3n de ciertos da\u00f1os. Si estas leyes se aplican a usted, es posible que algunas o todas las exenciones de responsabilidad, exclusiones o limitaciones anteriores no se apliquen a usted y es posible que tenga derechos adicionales.<\/p>\n<p><strong>LEY APLICABLE<\/strong><\/p>\n<p>Al visitar nuestro sitio web, usted acepta que las leyes del Estado de Israel, sin tener en cuenta los principios de conflicto de leyes, regir\u00e1n estas Condiciones de uso y cualquier disputa de cualquier tipo que pueda surgir entre usted y Silkwater Technologies o sus asociados.<\/p>\n<p><strong>DISPUTAS<\/strong><\/p>\n<p>Cualquier disputa relacionada de cualquier manera con su visita a nuestro sitio web o con los productos o servicios que compre a trav\u00e9s de nuestro sitio web se someter\u00e1 a arbitraje confidencial en el Estado de Israel, excepto que, en la medida en que usted haya violado o amenazado con violar de alguna manera nuestros derechos de propiedad intelectual, Silkwater Technologies puede solicitar medidas cautelares u otras medidas apropiadas en cualquier tribunal del Estado de Israel, y usted acepta la jurisdicci\u00f3n y competencia exclusivas en dichos tribunales. El laudo del \u00e1rbitro ser\u00e1 vinculante y podr\u00e1 presentarse como sentencia en cualquier tribunal de jurisdicci\u00f3n competente. En la m\u00e1xima medida permitida por la ley aplicable, ning\u00fan arbitraje en virtud de este Acuerdo se unir\u00e1 a un arbitraje que involucre a cualquier otra parte sujeta a este Acuerdo, ya sea a trav\u00e9s de procedimientos de arbitraje colectivo o de otro modo.<\/p>\n<p><strong>POL\u00cdTICAS, MODIFICACI\u00d3N Y DIVISIBILIDAD DEL SITIO<\/strong><\/p>\n<p>Revise nuestras otras pol\u00edticas, como nuestra Pol\u00edtica de privacidad, Pol\u00edtica de env\u00edo y devoluciones. Estas pol\u00edticas tambi\u00e9n rigen su visita a nuestro sitio web. Nos reservamos el derecho de realizar cambios en nuestro sitio web, pol\u00edticas y estos T\u00e9rminos y condiciones de uso en cualquier momento. Si cualquiera de estas condiciones se considera inv\u00e1lida, nula o por cualquier motivo inaplicable, esa condici\u00f3n se considerar\u00e1 separable y no afectar\u00e1 la validez y aplicabilidad de cualquier condici\u00f3n restante.<\/p>\n<p><strong>PREGUNTAS:<\/strong><\/p>\n<p>Las preguntas sobre nuestras Condiciones de uso, Pol\u00edtica de privacidad u otro material relacionado con la pol\u00edtica pueden dirigirse a nuestro personal de soporte haciendo clic en el enlace &quot;Cont\u00e1ctenos&quot; en el sitio web. O puede enviarnos un correo electr\u00f3nico a: info@silksoftwater.com o escribirnos a nuestra direcci\u00f3n postal: Silkwater Technologies, 11 Rotman Street, Hadera, 3826707, Israel<\/p>","protected":false},"excerpt":{"rendered":"<p>Bienvenido a www.silksoftwater.com, el sitio web y la tienda en l\u00ednea de Silkwater Technologies. Silkwater Technologies y sus asociados le brindan sus servicios sujetos a las siguientes condiciones. Si visita o realiza compras en este sitio web, acepta estas condiciones. Si contin\u00faa navegando y utilizando este sitio web, acepta \u2026<\/p>","protected":false},"author":1,"featured_media":0,"parent":0,"menu_order":0,"comment_status":"closed","ping_status":"closed","template":"","meta":{"footnotes":""},"class_list":["post-258","page","type-page","status-publish","hentry"],"jetpack_sharing_enabled":true,"_links":{"self":[{"href":"https:\/\/silksoftwater.com\/es\/wp-json\/wp\/v2\/pages\/258","targetHints":{"allow":["GET"]}}],"collection":[{"href":"https:\/\/silksoftwater.com\/es\/wp-json\/wp\/v2\/pages"}],"about":[{"href":"https:\/\/silksoftwater.com\/es\/wp-json\/wp\/v2\/types\/page"}],"author":[{"embeddable":true,"href":"https:\/\/silksoftwater.com\/es\/wp-json\/wp\/v2\/users\/1"}],"replies":[{"embeddable":true,"href":"https:\/\/silksoftwater.com\/es\/wp-json\/wp\/v2\/comments?post=258"}],"version-history":[{"count":0,"href":"https:\/\/silksoftwater.com\/es\/wp-json\/wp\/v2\/pages\/258\/revisions"}],"wp:attachment":[{"href":"https:\/\/silksoftwater.com\/es\/wp-json\/wp\/v2\/media?parent=258"}],"curies":[{"name":"wp","href":"https:\/\/api.w.org\/{rel}","templated":true}]}}