{"id":287,"date":"2018-11-03T22:37:14","date_gmt":"2018-11-03T20:37:14","guid":{"rendered":"https:\/\/silksoftwater.com\/?page_id=287"},"modified":"2019-11-26T18:28:35","modified_gmt":"2019-11-26T16:28:35","slug":"guia-de-instalacion-del-acondicionador-de-agua-sw300","status":"publish","type":"page","link":"https:\/\/silksoftwater.com\/es\/tratamiento-de-aguas\/acondicionador-de-agua\/guia-de-instalacion-del-acondicionador-de-agua-sw300\/","title":{"rendered":"Gu\u00eda de instalaci\u00f3n del acondicionador de agua serie SW300"},"content":{"rendered":"<p><strong>Instalaci\u00f3n del acondicionador de agua Silkwater serie SW300 en una casa que utiliza tuber\u00edas de cobre (sin cierre de derivaci\u00f3n):<\/strong><\/p>\n<ol>\n<li>Antes de realizar cualquier trabajo en el sistema de plomer\u00eda, aseg\u00farese de que el agua est\u00e9 cerrada en el cierre principal.<\/li>\n<li>Drene la mayor cantidad de agua posible de las tuber\u00edas abriendo todos los grifos.<\/li>\n<li>Las unidades descalcificadoras de filtro de la serie SW300 deben instalarse inmediatamente aguas abajo del cierre principal de agua.<\/li>\n<li>Ubique un \u00e1rea en la pared cerca de la tuber\u00eda principal de agua donde se pueda instalar el acondicionador Silkwater. Aseg\u00farese de que la ubicaci\u00f3n tenga suficiente espacio libre para que la unidad se drene f\u00e1cilmente.<\/li>\n<li>Ubique los montantes en la pared y monte un trozo de madera de desecho en la estructura para que sirva como soporte para el acondicionador con un taladro y tornillos.<\/li>\n<li>Ensamble el acondicionador Silkwater siguiendo las instrucciones del kit, luego fije la unidad al tablero de respaldo de madera contrachapada en la pared.<\/li>\n<li>Mida, corte y ajuste en seco las tuber\u00edas para conectar la l\u00ednea principal de agua al acondicionador. Corte los tubos con el cortatubos y limpie los extremos con papel de lija antes de instalarlos en seco.<\/li>\n<li>Desmonte las piezas, aplique fundente a la tuber\u00eda y los accesorios y luego suelde las conexiones.<\/li>\n<li>Vuelva a abrir el agua y verifique si hay fugas.<\/li>\n<\/ol>\n<p><strong>Instalaci\u00f3n del acondicionador de agua Silkwater SW300 con v\u00e1lvula de cierre de derivaci\u00f3n opcional en una casa con tuber\u00edas de cobre:<\/strong><\/p>\n<ol>\n<li>Antes de realizar cualquier trabajo en el sistema de plomer\u00eda, aseg\u00farese de que el agua est\u00e9 cerrada en el cierre principal.<\/li>\n<li>Drene la mayor cantidad de agua posible de las tuber\u00edas abriendo todos los grifos y accesorios y luego abriendo una v\u00e1lvula de drenaje cerca de la tuber\u00eda principal.<\/li>\n<li>La unidad descalcificadora Silkwaterfilter debe instalarse inmediatamente aguas abajo del cierre principal de agua.<\/li>\n<li>Ubique un \u00e1rea en la pared cerca de la tuber\u00eda principal de agua donde se pueda instalar el acondicionador Silkwater. Aseg\u00farese de que la ubicaci\u00f3n tenga suficiente espacio libre para que la unidad se drene f\u00e1cilmente.<\/li>\n<li>Determine la ubicaci\u00f3n del descalcificador del filtro Silkwater. Si es necesario, coloque un trozo de madera contrachapada para fijar el soporte del filtro.<\/li>\n<li>Utilice un cortatubos para cortar la tuber\u00eda principal de suministro de agua.<\/li>\n<li>Limpie, aplique fundente y suelde los accesorios del adaptador para realizar la transici\u00f3n a la carcasa del filtro en un banco de trabajo para mantener el calor alejado de la unidad del filtro.<\/li>\n<li>Una vez fr\u00edo, conecte los accesorios del adaptador a la carcasa del filtro, usando cinta selladora de roscas en las conexiones roscadas.<\/li>\n<li>Limpie, aplique fundente y luego ajuste en seco las conexiones restantes. Incluya accesorios en \u201cT\u201d que permitan que el agua entre y salga del filtro, pero tambi\u00e9n se conecten a una v\u00e1lvula de cierre que sirve como derivaci\u00f3n.<\/li>\n<li>Incluya una v\u00e1lvula de cierre para el agua que ingresa al filtro y una v\u00e1lvula de cierre para el agua que sale del filtro.<\/li>\n<li>En funcionamiento normal, la v\u00e1lvula de derivaci\u00f3n permanece en posici\u00f3n cerrada y las dos v\u00e1lvulas de filtro est\u00e1n en posici\u00f3n abierta. Si el filtro requiere servicio, esas v\u00e1lvulas deben invertirse, permitiendo que el agua sin tratar ingrese temporalmente al edificio.<\/li>\n<li>Una vez que se hayan realizado todas las conexiones, vuelva a conectar la presi\u00f3n del agua al edificio y verifique si hay fugas.<\/li>\n<\/ol>\n<hr \/>\n<p>Como gu\u00eda general, observe a Richard Trethewey, experto en plomer\u00eda y calefacci\u00f3n de \u201cPreg\u00fantele a esta vieja casa\u201d, mientras instala un filtro de agua t\u00edpico para toda la casa:<\/p>\n<p><iframe loading=\"lazy\" src=\"https:\/\/www.youtube.com\/embed\/QLm89HA4EFU?rel=0\" width=\"300\" height=\"200\" frameborder=\"0\" allowfullscreen=\"allowfullscreen\"><\/iframe><\/p>","protected":false},"excerpt":{"rendered":"<p>Installing the Silkwater SW300 Series water conditioner in a home that uses copper piping (no by-pass shut-off): Before doing any work on the plumbing system, ensure that water is turned off at the main shutoff. Drain as much water as possible from the pipes by opening all taps The SW300 &hellip;<\/p>","protected":false},"author":1,"featured_media":0,"parent":51,"menu_order":0,"comment_status":"closed","ping_status":"closed","template":"","meta":{"footnotes":""},"class_list":["post-287","page","type-page","status-publish","hentry"],"jetpack_sharing_enabled":true,"_links":{"self":[{"href":"https:\/\/silksoftwater.com\/es\/wp-json\/wp\/v2\/pages\/287","targetHints":{"allow":["GET"]}}],"collection":[{"href":"https:\/\/silksoftwater.com\/es\/wp-json\/wp\/v2\/pages"}],"about":[{"href":"https:\/\/silksoftwater.com\/es\/wp-json\/wp\/v2\/types\/page"}],"author":[{"embeddable":true,"href":"https:\/\/silksoftwater.com\/es\/wp-json\/wp\/v2\/users\/1"}],"replies":[{"embeddable":true,"href":"https:\/\/silksoftwater.com\/es\/wp-json\/wp\/v2\/comments?post=287"}],"version-history":[{"count":0,"href":"https:\/\/silksoftwater.com\/es\/wp-json\/wp\/v2\/pages\/287\/revisions"}],"up":[{"embeddable":true,"href":"https:\/\/silksoftwater.com\/es\/wp-json\/wp\/v2\/pages\/51"}],"wp:attachment":[{"href":"https:\/\/silksoftwater.com\/es\/wp-json\/wp\/v2\/media?parent=287"}],"curies":[{"name":"wp","href":"https:\/\/api.w.org\/{rel}","templated":true}]}}