{"id":3,"date":"2018-10-27T17:27:25","date_gmt":"2018-10-27T15:27:25","guid":{"rendered":"https:\/\/silksoftwater.com\/?page_id=3"},"modified":"2019-04-05T00:54:39","modified_gmt":"2019-04-04T21:54:39","slug":"politica-de-privacidad","status":"publish","type":"page","link":"https:\/\/silksoftwater.com\/es\/politica-de-privacidad\/","title":{"rendered":"pol\u00edtica de privacidad"},"content":{"rendered":"<p>Silkwater Technologies opera el sitio web Silksoftwater.com. Es pol\u00edtica de Silkwater Technologies respetar su privacidad con respecto a cualquier informaci\u00f3n que podamos recopilar mientras operamos nuestro sitio web. A los efectos de la ley de protecci\u00f3n de datos, Silkwater Technologies es el controlador de datos y ha implementado medidas t\u00e9cnicas y organizativas para garantizar la protecci\u00f3n de los datos personales procesados a trav\u00e9s de este sitio web. Inf\u00f3rmate sobre nuestro <a href=\"#name\">Pol\u00edtica de cookies<\/a>.<\/p>\n<p>La direcci\u00f3n de nuestro sitio web es: www.silksoftwater.com.<\/p>\n<p><strong>respetamos tu privacidad<\/strong><\/p>\n<p>Este aviso de privacidad se aplica al uso de datos personales por parte de Silkwater Technologies. Explica qu\u00e9 informaci\u00f3n recopilamos, c\u00f3mo la usamos, con qui\u00e9n la compartimos y c\u00f3mo la protegemos. Tambi\u00e9n detalla los derechos disponibles para usted en relaci\u00f3n con c\u00f3mo conservamos y utilizamos sus datos personales, c\u00f3mo ejercer esos derechos y qu\u00e9 hacer si necesita m\u00e1s informaci\u00f3n o desea presentar una queja.<\/p>\n<p><strong>C\u00f3mo protegemos tus datos<\/strong><\/p>\n<p>Mantenemos seguros nuestros sistemas inform\u00e1ticos, archivos y edificios siguiendo los requisitos legales y las pautas de seguridad adecuadas. Nos aseguramos de que nuestro personal, y cualquier persona con acceso a los datos personales de los que somos responsables, est\u00e9 completamente capacitado sobre c\u00f3mo proteger los datos personales. Nos aseguramos de que nuestros procesos identifiquen claramente los requisitos para la gesti\u00f3n de datos personales y que est\u00e9n actualizados. Auditamos peri\u00f3dicamente nuestros sistemas y procesos para garantizar que cumplimos con estas pol\u00edticas y obligaciones legales.<\/p>\n<p><strong>\u00bfQu\u00e9 procedimientos de violaci\u00f3n de datos tenemos implementados?<\/strong><\/p>\n<p>Nuestra pol\u00edtica es proporcionar un proceso claro para manejar una violaci\u00f3n de datos personales, en caso de que ocurra. Cuando corresponda, Silkwater Technologies le notificar\u00e1 de inmediato sobre cualquier acceso no autorizado a su informaci\u00f3n personal.<\/p>\n<p><strong>Qu\u00e9 datos personales recopilamos y por qu\u00e9 los recopilamos<\/strong><\/p>\n<p>Recopilamos sus datos personales para poder gestionar nuestras relaciones con usted. Las actividades para las que requerimos datos personales incluyen:<\/p>\n<ul>\n<li>Ejecuci\u00f3n y mantenimiento de un contrato de suministro.<\/li>\n<li>Provisi\u00f3n de productos o servicios.<\/li>\n<li>Mejorar nuestros productos y servicios existentes<\/li>\n<li>Desarrollando nuevos servicios<\/li>\n<li>Atender solicitudes y proporcionar informaci\u00f3n.<\/li>\n<li>Una variedad de otras actividades que estamos obligados a realizar, o para las cuales hemos obtenido consentimiento para completar<\/li>\n<\/ul>\n<p>Nos aseguramos de que la informaci\u00f3n que recopilamos sea adecuada para los fines para los que se obtiene. No recopilamos datos personales sensibles (por ejemplo, datos de salud, gen\u00e9ticos, biom\u00e9tricos; origen racial o \u00e9tnico, opiniones pol\u00edticas, creencias religiosas o filos\u00f3ficas, afiliaci\u00f3n sindical, orientaci\u00f3n sexual y condenas penales). Le solicitamos expresamente que no nos proporcione ning\u00fan dato tan sensible.<\/p>\n<p>Nuestros servicios no est\u00e1n dirigidos a ni\u00f1os menores de 18 a\u00f1os. Si descubre que un ni\u00f1o menor de 18 a\u00f1os nos ha proporcionado informaci\u00f3n personal sin consentimiento, comun\u00edquese con nosotros.<\/p>\n<p>Al utilizar nuestro sitio web, productos o servicios, y al enviarnos cualquier dato, usted garantiza que tiene dieciocho (18) a\u00f1os de edad o m\u00e1s.<\/p>\n<p><strong>Comentarios<\/strong><\/p>\n<p>Cuando los visitantes dejan comentarios en el sitio, recopilamos los datos que se muestran en el formulario de comentarios, y tambi\u00e9n la direcci\u00f3n IP del visitante y la cadena de agente de usuario del navegador para ayudar a la detecci\u00f3n de spam.<\/p>\n<p>Es posible que se proporcione al servicio Gravatar una cadena an\u00f3nima creada a partir de su direcci\u00f3n de correo electr\u00f3nico (tambi\u00e9n llamada hash) para ver si la est\u00e1 utilizando. La pol\u00edtica de privacidad del servicio Gravatar est\u00e1 disponible aqu\u00ed: https:\/\/automattic.com\/privacy\/. Despu\u00e9s de la aprobaci\u00f3n de su comentario, su foto de perfil ser\u00e1 visible para el p\u00fablico en el contexto de su comentario.<\/p>\n<p><strong>Medios de comunicaci\u00f3n<\/strong><\/p>\n<p>Si subes im\u00e1genes al sitio web, debes evitar subir im\u00e1genes con datos de ubicaci\u00f3n incrustados (GPS EXIF) incluidos. Los visitantes del sitio web pueden descargar y extraer cualquier dato de ubicaci\u00f3n de las im\u00e1genes del sitio web.<\/p>\n<p><strong>Formularios de contacto<\/strong><\/p>\n<p>La cantidad y el tipo de informaci\u00f3n que recopilamos depende de la naturaleza de la interacci\u00f3n con nosotros. Por ejemplo, pedimos a los visitantes que se registran en Silksoftwater.com que proporcionen un nombre de usuario y una direcci\u00f3n de correo electr\u00f3nico. Si buscas informaci\u00f3n sobre nuestros productos o servicios y utilizas un formulario de contacto, te pedimos tu Nombre y direcci\u00f3n de correo electr\u00f3nico. A quienes participan en transacciones con Silkwater Technologies se les solicita que proporcionen informaci\u00f3n adicional, incluida, seg\u00fan sea necesario, la informaci\u00f3n personal y financiera requerida para procesar dichas transacciones. En cada caso, Silkwater Technologies recopila dicha informaci\u00f3n s\u00f3lo en la medida en que sea necesaria o apropiada para cumplir el prop\u00f3sito de la interacci\u00f3n del visitante con Silkwater Technologies. No divulgamos informaci\u00f3n de identificaci\u00f3n personal que no sea la que se describe a continuaci\u00f3n. Y los visitantes siempre pueden negarse a proporcionar informaci\u00f3n de identificaci\u00f3n personal, con la salvedad de que esto puede impedirles participar en determinadas actividades relacionadas con el sitio web. <a name=\"name\"><\/a><\/p>\n<p><strong>Galletas<\/strong><\/p>\n<p>Una cookie es un peque\u00f1o fragmento de datos que un sitio web solicita a su navegador que almacene en su computadora o dispositivo m\u00f3vil. La mayor\u00eda de los navegadores le permiten desactivar las cookies.<\/p>\n<p>Las cookies facilitan que los sitios web recopilen informaci\u00f3n precisa y espec\u00edfica del usuario sobre sus visitantes. Por lo general, esto hace que sea m\u00e1s sencillo navegar por la web y disfrutar de una experiencia personalizada.<\/p>\n<p>Muchas cookies realizan trabajos esenciales. Por ejemplo, las cookies de autenticaci\u00f3n identifican qui\u00e9n es usted cuando intenta iniciar sesi\u00f3n en una cuenta. Otros tipos de cookies le permiten comprar en l\u00ednea y almacenar art\u00edculos a medida que los agrega a su cesta de compras virtual.<\/p>\n<p>Si deja un comentario en nuestro sitio, puede optar por guardar su nombre, direcci\u00f3n de correo electr\u00f3nico y sitio web en cookies. Esto es para tu comodidad, para que no tengas que volver a completar tus datos cuando dejes otro comentario. Estas cookies tendr\u00e1n una duraci\u00f3n de un a\u00f1o.<\/p>\n<p>Si tiene una cuenta e inicia sesi\u00f3n en este sitio, configuraremos una cookie temporal para determinar si su navegador acepta cookies. Esta cookie no contiene datos personales y se descarta al cerrar el navegador.<\/p>\n<p>Cuando inicie sesi\u00f3n, tambi\u00e9n configuraremos varias cookies para guardar su informaci\u00f3n de inicio de sesi\u00f3n y sus opciones de visualizaci\u00f3n de pantalla. Las cookies de inicio de sesi\u00f3n duran dos d\u00edas y las cookies de opciones de pantalla duran un a\u00f1o. Si selecciona &quot;Recordarme&quot;, su inicio de sesi\u00f3n persistir\u00e1 durante dos semanas. Si cierra sesi\u00f3n en su cuenta, se eliminar\u00e1n las cookies de inicio de sesi\u00f3n.<\/p>\n<p>Si edita o publica un art\u00edculo, se guardar\u00e1 una cookie adicional en su navegador. Esta cookie no incluye datos personales y simplemente indica el ID de la publicaci\u00f3n del art\u00edculo que acaba de editar. Caduca despu\u00e9s de 1 d\u00eda.<\/p>\n<p><strong>tipos de galletas<\/strong><\/p>\n<p>Las cookies pueden ser temporales (cookie de sesi\u00f3n) o permanentes (cookie persistente).<\/p>\n<p>Las cookies de sesi\u00f3n se almacenan en la memoria temporal de su dispositivo (no en su disco duro) mientras navega por un sitio web. Normalmente estas cookies se eliminan al cerrar el navegador. Si volviera a abrir el navegador y volviera a visitar el sitio web, el sitio no &quot;recordar\u00eda&quot; lo que hab\u00eda visitado anteriormente. Las cookies de sesi\u00f3n permanecen activas solo hasta que abandona un sitio.<\/p>\n<p>Las cookies persistentes permanecen almacenadas en su disco duro y persisten de una sesi\u00f3n a otra hasta que las elimina o alcanzan una fecha de vencimiento establecida. Las cookies persistentes pueden almacenar informaci\u00f3n como detalles de inicio de sesi\u00f3n, marcadores, detalles de tarjetas de cr\u00e9dito y configuraciones y temas preferidos, lo que resulta en un viaje web m\u00e1s r\u00e1pido y fluido.<\/p>\n<p><strong>C\u00f3mo controlar las cookies<\/strong><\/p>\n<p>Puedes controlar y\/o eliminar las cookies como desees. Puede eliminar todas las cookies que ya est\u00e1n en su computadora y puede configurar la mayor\u00eda de los navegadores para evitar que se coloquen. Sin embargo, si hace esto, es posible que tenga que ajustar manualmente algunas preferencias cada vez que visite un sitio y es posible que algunos servicios y funcionalidades no funcionen.<\/p>\n<p><strong>C\u00f3mo <\/strong><strong>Tecnolog\u00edas de agua de seda<\/strong><strong> utiliza cookies<\/strong><\/p>\n<p>Las cookies que utilizamos en nuestro sitio web se pueden agrupar en cuatro categor\u00edas diferentes.<\/p>\n<ul>\n<li><strong>Cookies estrictamente necesarias:<\/strong>\u00a0 son esenciales para permitirle navegar por nuestro sitio web y utilizar sus funciones. Sin estas cookies, no podr\u00edamos proporcionarle los servicios que ha solicitado.<\/li>\n<li><strong>Cookies de funcionalidad:<\/strong>\u00a0 permite que nuestro sitio web recuerde las elecciones que usted realiza y ayuda a proporcionar una experiencia mejorada y m\u00e1s personal en nuestro sitio web.<\/li>\n<li><strong>Cookies de rendimiento:<\/strong>\u00a0 nos ayuda a mejorar nuestro sitio web y nuestros servicios en l\u00ednea. Estas cookies recopilan informaci\u00f3n sobre c\u00f3mo se utiliza nuestro sitio, incluidas qu\u00e9 p\u00e1ginas se visitan con m\u00e1s frecuencia. Esto nos ayuda a proporcionar una mejor experiencia de usuario. Estas cookies son an\u00f3nimas, lo que significa que no recopilar\u00e1n informaci\u00f3n para identificarlo.<\/li>\n<li><strong>Cookies de orientaci\u00f3n y publicidad:<\/strong> Actualmente no se utiliza. Estas cookies tambi\u00e9n son an\u00f3nimas, no recopilar\u00e1n informaci\u00f3n para identificarlo.<\/li>\n<\/ul>\n<p><strong>Contenido incrustado de otros sitios web<\/strong><\/p>\n<p>Los art\u00edculos de este sitio pueden incluir contenido incrustado (por ejemplo, v\u00eddeos, im\u00e1genes, art\u00edculos, etc.). El contenido incrustado de otros sitios web se comporta exactamente de la misma manera que si el visitante hubiera visitado el otro sitio web.<\/p>\n<p>Estos sitios web pueden recopilar datos sobre usted, utilizar cookies, incorporar seguimiento adicional de terceros y monitorear su interacci\u00f3n con ese contenido incrustado, incluido el seguimiento de su interacci\u00f3n con el contenido incrustado si tiene una cuenta y ha iniciado sesi\u00f3n en ese sitio web.<\/p>\n<p><strong>Terceros<\/strong><\/p>\n<p><strong>Google analitico<\/strong> es un servicio de an\u00e1lisis web. La anal\u00edtica web es la recopilaci\u00f3n, recopilaci\u00f3n y an\u00e1lisis de datos sobre el comportamiento de los visitantes de los sitios web. El operador del componente Google Analytics es Google Inc., 1600 Amphitheatre Pkwy, Mountain View, CA 94043-1351, Estados Unidos. El comportamiento de los visitantes del sitio web es an\u00f3nimo: la direcci\u00f3n IP completa NO se almacena. Hemos firmado el DPA de Google y anonimizamos las direcciones IP. La retenci\u00f3n de datos en Google est\u00e1 fijada durante 14 meses.<\/p>\n<p><strong>Procesamiento de pagos de PayPal. <\/strong>PayPal es un proveedor de servicios de pago en l\u00ednea. Los pagos se procesan a trav\u00e9s de las llamadas cuentas PayPal, que representan cuentas virtuales privadas o comerciales. PayPal tambi\u00e9n puede procesar pagos virtuales mediante tarjetas de cr\u00e9dito cuando un usuario no tiene una cuenta PayPal. Una cuenta PayPal se gestiona a trav\u00e9s de una direcci\u00f3n de correo electr\u00f3nico, por lo que no existen los n\u00fameros de cuenta cl\u00e1sicos. PayPal permite activar pagos en l\u00ednea a terceros o recibir pagos. PayPal tambi\u00e9n acepta funciones de fideicomisario y ofrece servicios de protecci\u00f3n al comprador.<\/p>\n<p>La empresa operadora europea de PayPal es PayPal (Europe) S.\u00e0.rl &amp; Cie. SCA, 22-24 Boulevard Royal, 2449 Luxemburgo, Luxemburgo. Las disposiciones de protecci\u00f3n de datos aplicables de PayPal se pueden consultar en https:\/\/www.paypal.com\/us\/webapps\/mpp\/ua\/privacy-full.<\/p>\n<p>Puedes revocar el consentimiento para el tratamiento de tus datos personales en cualquier momento desde PayPal. Una revocaci\u00f3n no tendr\u00e1 ning\u00fan efecto sobre los datos personales que deban ser procesados, utilizados o transmitidos de acuerdo con el procesamiento de pagos (contractual).<\/p>\n<p><strong>Procesamiento de pagos de franjas<\/strong>. Stripe es un proveedor de servicios de pago en l\u00ednea. La entidad que proporciona Servicios en Europa es Stripe Payments Europe, Ltd., 1 Grand Canal Street Lower, Grand Canal Dock, Dubl\u00edn.<\/p>\n<p><strong>Otros partidos<\/strong>. Algunas cookies, etc. que se han configurado en nuestros sitios web no est\u00e1n relacionadas con Silkwater Technologies ni con nuestros socios. Cuando visita una p\u00e1gina con contenido incrustado de, por ejemplo, YouTube o Facebook o widgets de redes sociales como el bot\u00f3n Me gusta de Facebook, estos proveedores de servicios pueden utilizar sus propias cookies, etc.<\/p>\n<p>No controlamos el uso de estas cookies, etc. y no podemos acceder a ellas debido a la forma en que funcionan estas tecnolog\u00edas, ya que solo puede acceder a ellas la parte que las configur\u00f3 originalmente. Debe consultar los sitios web de terceros para obtener m\u00e1s informaci\u00f3n sobre estas cookies, etc.<\/p>\n<p><strong>Con qui\u00e9n compartimos tus datos<\/strong><\/p>\n<p>Podemos compartir sus datos personales o revelarlos a las siguientes categor\u00edas de terceros:<\/p>\n<ul>\n<li><strong>Agentes o proveedores:<\/strong> Estas son personas o empresas con las que tenemos contratos para proporcionar productos o servicios que utilizamos en la realizaci\u00f3n de nuestro negocio, incluida la gesti\u00f3n de nuestra relaci\u00f3n con nuestros clientes. En muchos casos, estar\u00e1n dentro del Espacio Econ\u00f3mico Europeo (EEE), pero en algunos casos pueden estar fuera del EEE. Solo compartiremos o revelaremos a estas partes la informaci\u00f3n que necesitan para proporcionar los productos o servicios, y exigiremos a esas partes que se aseguren de que la informaci\u00f3n est\u00e9 siempre protegida adecuadamente.<\/li>\n<li><strong>Asesores profesionales:<\/strong> Podemos compartir o divulgar datos personales a asesores profesionales que podamos contratar para cualquier prop\u00f3sito razonable en relaci\u00f3n con nuestro negocio, incluida la asistencia para proteger nuestros derechos.<\/li>\n<li><strong>Otros organismos externos:<\/strong> En determinadas circunstancias, es posible que la ley nos exija revelar datos personales a organismos externos, como autoridades locales, departamentos gubernamentales o la polic\u00eda. En estos casos, solo revelaremos la cantidad m\u00ednima de informaci\u00f3n requerida para satisfacer nuestra obligaci\u00f3n legal. Sin embargo, una vez que se divulgue la informaci\u00f3n, no podremos controlar c\u00f3mo la utilizan esos organismos.<\/li>\n<\/ul>\n<p><strong>Cu\u00e1nto tiempo conservamos tus datos<\/strong><\/p>\n<p>La informaci\u00f3n recopilada por nosotros se conservar\u00e1 durante el tiempo que sea necesario para cumplir con el prop\u00f3sito para el que fue recopilada y para proteger nuestro negocio y nuestros derechos. Estamos obligados a conservar ciertos tipos de informaci\u00f3n durante un per\u00edodo de tiempo espec\u00edfico para cumplir con los requisitos legales. El per\u00edodo de tiempo que conservaremos cualquier parte de su informaci\u00f3n personal depender\u00e1 del tipo de informaci\u00f3n y del prop\u00f3sito para el cual se obtuvo.<\/p>\n<p>Si deja un comentario, el comentario y sus metadatos se conservan indefinidamente. Esto es para que podamos reconocer y aprobar cualquier comentario de seguimiento autom\u00e1ticamente en lugar de mantenerlos en una cola de moderaci\u00f3n.<\/p>\n<p>Para los usuarios que se registran en nuestro sitio web (si los hay), tambi\u00e9n almacenamos la informaci\u00f3n personal que proporcionan en su perfil de usuario. Todos los usuarios pueden ver, editar o eliminar su informaci\u00f3n personal en cualquier momento (excepto que no pueden cambiar su nombre de usuario). Los administradores del sitio web tambi\u00e9n pueden ver y editar esa informaci\u00f3n.<\/p>\n<p><strong>D\u00f3nde enviamos tus datos<\/strong><\/p>\n<p>Los comentarios de los visitantes pueden revisarse a trav\u00e9s de un servicio automatizado de detecci\u00f3n de spam.<\/p>\n<p><strong>Qu\u00e9 derechos tienes sobre tus datos<\/strong><\/p>\n<p>Si tiene una cuenta en Silksoftwater.com o ha dejado comentarios, puede solicitar recibir un archivo exportado de los datos personales que tenemos sobre usted, incluidos los datos que nos haya proporcionado. Tambi\u00e9n puede solicitar que borremos cualquier dato personal que tengamos sobre usted. Esto no incluye ning\u00fan dato que estemos obligados a conservar con fines administrativos, legales o de seguridad.<\/p>\n<p>Los derechos que tiene disponibles incluyen:<\/p>\n<ul>\n<li><strong><em>Obtener acceso y copias de sus datos personales:<\/em><\/strong> tiene derecho a recibir, previa solicitud y de forma gratuita, una copia de todos sus datos personales que tenemos. Este derecho tiene algunas limitaciones. Por ejemplo, si los datos tambi\u00e9n se refieren a otra persona y no contamos con el consentimiento de esa persona, o si los datos est\u00e1n sujetos a privilegio legal. Cuando haya datos que no podamos revelar, se lo explicaremos.<\/li>\n<li><strong><em>Garantizar que sus datos sean exactos:<\/em><\/strong> Nuestro objetivo es garantizar que los datos que tenemos sobre usted sean correctos y est\u00e9n actualizados. De vez en cuando podemos comunicarnos con usted para verificar la informaci\u00f3n que tenemos. Tambi\u00e9n puede contactarnos para corregir cualquier error que observe.<\/li>\n<li><strong><em>Otorgar o Retirar el consentimiento:<\/em><\/strong> cuando necesitemos su consentimiento para cualquier procesamiento, por ejemplo, para proporcionarle comunicaciones de marketing directo, le explicaremos claramente para qu\u00e9 sirve el consentimiento y las consecuencias de otorgar o rechazar el consentimiento, y dispondremos que el consentimiento solo puede otorgarse a trav\u00e9s de de una acci\u00f3n positiva por su parte. Tambi\u00e9n nos aseguraremos de que pueda retirar dicho consentimiento en cualquier momento.<\/li>\n<li><strong><em>Limitaci\u00f3n del tratamiento de sus datos:<\/em><\/strong> tiene derecho a solicitarnos que restrinjamos el procesamiento de sus datos personales en determinadas circunstancias, por ejemplo, si existe una disputa sobre nuestros derechos para llevar a cabo actividades de procesamiento espec\u00edficas, o cuando no desea que eliminemos datos. Responderemos con prontitud a su solicitud y le brindaremos una explicaci\u00f3n si no podemos cumplir plenamente.<\/li>\n<li><strong><em>Eliminaci\u00f3n de sus datos:<\/em><\/strong> En determinadas circunstancias, es posible que tenga derecho a que algunos o todos sus datos personales se eliminen de nuestros registros. A esto a veces se le llama \u201cderecho al olvido\u201d. Esto puede ocurrir si, por ejemplo, conservamos datos que ya no necesitamos o si usted retira su consentimiento. Si contin\u00faa teniendo una relaci\u00f3n con nosotros, debemos conservar los datos que necesitamos para gestionar esta relaci\u00f3n. Responderemos con prontitud a su solicitud y le proporcionaremos los motivos si nos oponemos a la eliminaci\u00f3n de cualquiera de sus datos personales.<\/li>\n<li><strong><em>Mover tus datos: <\/em><\/strong>Cuando nos sea posible proporcion\u00e1rselo, usted tiene derecho a recibir una copia digital de los datos personales que nos ha proporcionado.<\/li>\n<\/ul>\n<p><strong>Transferencias Internacionales de Datos: <\/strong>En determinadas circunstancias, podemos transferir su informaci\u00f3n personal a nivel internacional, incluso fuera del Espacio Econ\u00f3mico Europeo (EEE). Si hacemos esto, nos aseguramos de que todas las transferencias se realicen de acuerdo con la ley de protecci\u00f3n de datos y que sus datos reciban un nivel de protecci\u00f3n equivalente al que tienen cuando se gestionan en el Estado de Israel.<\/p>\n<p><strong>C\u00f3mo presentar una queja<\/strong><\/p>\n<p>Si desea presentar una queja sobre c\u00f3mo hemos manejado su informaci\u00f3n personal, puede contactarnos directamente e investigaremos el asunto.<\/p>\n<p>Si no est\u00e1 satisfecho con nuestra respuesta o cree que estamos procesando su informaci\u00f3n personal no de acuerdo con la ley, puede presentar una queja ante la Oficina del Comisionado de Protecci\u00f3n de Datos en Israel.<\/p>\n<p><strong>Cambios a nuestro aviso de privacidad<\/strong><\/p>\n<p>Ocasionalmente actualizaremos este aviso de privacidad. Publicaremos un aviso de cualquier cambio material en nuestro sitio web antes de implementar los cambios y, cuando corresponda, le notificaremos utilizando cualquiera de los datos de contacto que tenemos para este prop\u00f3sito. Le recomendamos que revise peri\u00f3dicamente este aviso para estar informado sobre c\u00f3mo utilizamos su informaci\u00f3n.<\/p>\n<p><strong>Qu\u00e9 toma de decisiones automatizada y\/o elaboraci\u00f3n de perfiles hacemos con los datos del usuario<\/strong><\/p>\n<p>No utilizamos ninguna informaci\u00f3n personal para la toma de decisiones automatizada o la elaboraci\u00f3n de perfiles; sus datos no est\u00e1n sujetos a la toma de decisiones automatizadas ni a la elaboraci\u00f3n de perfiles.<\/p>\n<p><strong>Nuestra informaci\u00f3n de contacto<\/strong><\/p>\n<p>Tecnolog\u00edas Silkwater, 11 Rotman Street, Hadera, 3826707, Israel<br \/>\nTel\u00e9fono: 972732767210 Email: info@silksoftwater.com Fecha: 27-octubre-2018<\/p>","protected":false},"excerpt":{"rendered":"<p>Silkwater Technologies opera el sitio web silksoftwater.com. La pol\u00edtica de Silkwater Technologies es respetar su privacidad con respecto a cualquier informaci\u00f3n que podamos recopilar mientras operamos nuestro sitio web. A los efectos de la ley de protecci\u00f3n de datos, Silkwater Technologies es el controlador de datos y ha implementado medidas t\u00e9cnicas y organizativas para garantizar la protecci\u00f3n de sus datos.<\/p>","protected":false},"author":1,"featured_media":0,"parent":0,"menu_order":0,"comment_status":"closed","ping_status":"closed","template":"","meta":{"footnotes":""},"class_list":["post-3","page","type-page","status-publish","hentry"],"jetpack_sharing_enabled":true,"_links":{"self":[{"href":"https:\/\/silksoftwater.com\/es\/wp-json\/wp\/v2\/pages\/3","targetHints":{"allow":["GET"]}}],"collection":[{"href":"https:\/\/silksoftwater.com\/es\/wp-json\/wp\/v2\/pages"}],"about":[{"href":"https:\/\/silksoftwater.com\/es\/wp-json\/wp\/v2\/types\/page"}],"author":[{"embeddable":true,"href":"https:\/\/silksoftwater.com\/es\/wp-json\/wp\/v2\/users\/1"}],"replies":[{"embeddable":true,"href":"https:\/\/silksoftwater.com\/es\/wp-json\/wp\/v2\/comments?post=3"}],"version-history":[{"count":0,"href":"https:\/\/silksoftwater.com\/es\/wp-json\/wp\/v2\/pages\/3\/revisions"}],"wp:attachment":[{"href":"https:\/\/silksoftwater.com\/es\/wp-json\/wp\/v2\/media?parent=3"}],"curies":[{"name":"wp","href":"https:\/\/api.w.org\/{rel}","templated":true}]}}