{"id":651,"date":"2019-02-03T15:25:49","date_gmt":"2019-02-03T13:25:49","guid":{"rendered":"https:\/\/silksoftwater.com\/?page_id=651"},"modified":"2019-02-03T15:28:13","modified_gmt":"2019-02-03T13:28:13","slug":"solicitar-la-eliminacion-de-testimonios","status":"publish","type":"page","link":"https:\/\/silksoftwater.com\/es\/testimonios-de-clientes-de-agua-de-seda\/solicitar-la-eliminacion-de-testimonios\/","title":{"rendered":"Solicitar eliminaci\u00f3n de testimonios"},"content":{"rendered":"<div id=\"katb-remove-testimonial-wrap\"><div class=\"katb-remove-intro\">El Reglamento General de Protecci\u00f3n de Datos (GDPR) en la UE exige que se le permita al autor de este testimonio eliminarlo si as\u00ed lo solicita. Proporcione su correo electr\u00f3nico y un comentario opcional sobre el motivo de la eliminaci\u00f3n en el siguiente formulario. Se contactar\u00e1 al administrador de este sitio y se solicitar\u00e1 la eliminaci\u00f3n del testimonio. Tenga en cuenta que el correo electr\u00f3nico que proporciona a continuaci\u00f3n y el correo electr\u00f3nico del autor original deben coincidir o el testimonio no podr\u00e1 eliminarse. \t\t\t\t\t\t\t\t\t\t\t\t<\/div><div class=\"katb-remove-testimonial-details\">No has seleccionado un testimonio para eliminar. Proporcione informaci\u00f3n adicional a continuaci\u00f3n para que podamos identificar qu\u00e9 testimonio eliminar.\t\t\t\t\t\t\t\t\t\t\t\t<\/div><\/div><form class=\"katb-remove-form\" method=\"POST\" action=\"\"><label class=\"katb-remove-email-label\">Correo electr\u00f3nico *<\/label><input type=\"text\" size=\"75\" name=\"remove_request_email\" value=\" \" \/><br\/><label class=\"katb-remove-comment-label\">Comentario o motivo de eliminaci\u00f3n:<\/label><br\/><textarea class=\"katb-input-textarea\" rows=\"5\" name=\"remover_reason\" ><\/textarea><span class=\"katb-remove-submit-wrap\"><input class=\"katb-remove-submit\" type=\"submit\" name=\"katb_remove_submitted\" value=\"Entregar\" \/><input type=\"hidden\" id=\"katb_main_form_nonce\" name=\"katb_main_form_nonce\" value=\"35d501062c\" \/><\/span><span class=\"katb_span_custom3\">Esta entrada no debe rellenarse<input class=\"custom_3\" type=\"text\" maxlength=\"100\" name=\"tb_custom3\" value=\"\" tabindex=\"-1\" autocomplete=\"off\" \/><\/span><input type=\"hidden\" name=\"trp-form-language\" value=\"es\"\/><\/form>","protected":false},"excerpt":{"rendered":"","protected":false},"author":1,"featured_media":0,"parent":646,"menu_order":0,"comment_status":"closed","ping_status":"closed","template":"","meta":{"footnotes":""},"class_list":["post-651","page","type-page","status-publish","hentry"],"jetpack_sharing_enabled":true,"_links":{"self":[{"href":"https:\/\/silksoftwater.com\/es\/wp-json\/wp\/v2\/pages\/651","targetHints":{"allow":["GET"]}}],"collection":[{"href":"https:\/\/silksoftwater.com\/es\/wp-json\/wp\/v2\/pages"}],"about":[{"href":"https:\/\/silksoftwater.com\/es\/wp-json\/wp\/v2\/types\/page"}],"author":[{"embeddable":true,"href":"https:\/\/silksoftwater.com\/es\/wp-json\/wp\/v2\/users\/1"}],"replies":[{"embeddable":true,"href":"https:\/\/silksoftwater.com\/es\/wp-json\/wp\/v2\/comments?post=651"}],"version-history":[{"count":0,"href":"https:\/\/silksoftwater.com\/es\/wp-json\/wp\/v2\/pages\/651\/revisions"}],"up":[{"embeddable":true,"href":"https:\/\/silksoftwater.com\/es\/wp-json\/wp\/v2\/pages\/646"}],"wp:attachment":[{"href":"https:\/\/silksoftwater.com\/es\/wp-json\/wp\/v2\/media?parent=651"}],"curies":[{"name":"wp","href":"https:\/\/api.w.org\/{rel}","templated":true}]}}