{"id":843,"date":"2019-04-04T22:54:20","date_gmt":"2019-04-04T19:54:20","guid":{"rendered":"https:\/\/silksoftwater.com\/?page_id=843"},"modified":"2019-04-05T01:58:28","modified_gmt":"2019-04-04T22:58:28","slug":"la-garantia-del-producto","status":"publish","type":"page","link":"https:\/\/silksoftwater.com\/es\/sobre-tecnologias-de-agua-de-seda\/la-garantia-del-producto\/","title":{"rendered":"La garant\u00eda del producto"},"content":{"rendered":"<p><strong>GARANT\u00cdA LIMITADA DEL PRODUCTO DE SILK WATER TECHNOLOGIES LTD<br \/>\n<\/strong><\/p>\n<p><strong>GARANT\u00cdA LIMITADA DE 1 A\u00d1O<\/strong><strong>:<\/strong><\/p>\n<p>Los productos fabricados por Silk Water Technologies Ltd est\u00e1n garantizados contra defectos de material y mano de obra por un per\u00edodo de un a\u00f1o desde el inicio y la puesta en servicio del sistema, o catorce meses desde la fecha de env\u00edo, lo que ocurra primero. La responsabilidad de Silk Water Technologies se limitar\u00e1 \u00fanica y exclusivamente al reemplazo o reparaci\u00f3n de piezas fabricadas por Silk Water Technologies Ltd y no ser\u00e1 responsable de ning\u00fan costo que surja de la remoci\u00f3n, instalaci\u00f3n, transporte o cualquier otro cargo que pueda surgir en relaci\u00f3n con el reclamo de garant\u00eda. Los productos y\/o componentes del sistema vendidos por Silk Water Technologies Ltd y fabricados por otros est\u00e1n sujetos a la garant\u00eda proporcionada por el fabricante de dichos productos y\/o componentes y no a la garant\u00eda proporcionada por Silk Water Technologies Ltd. Adem\u00e1s, Silk Water Technologies Ltd no ser\u00e1 responsable de los da\u00f1os a los productos causados por un funcionamiento incorrecto, mal uso, abuso, alteraci\u00f3n no autorizada, reparaci\u00f3n, accidente o si los productos no se instalaron y operaron de acuerdo con el manual de operaci\u00f3n e instalaci\u00f3n de Silk Water Technologies.<\/p>\n<p>SILK WATER TECHNOLOGIES LTD NO SER\u00c1 RESPONSABLE DE NING\u00daN DA\u00d1O, P\u00c9RDIDA O GASTO INCIDENTAL O CONSECUENTE QUE SURJA DE LA INSTALACI\u00d3N, USO O CUALQUIER OTRA CAUSA. NO HAY GARANT\u00cdAS EXPRESAS O IMPL\u00cdCITAS; INCLUYENDO LA COMERCIABILIDAD O IDONEIDAD PARA UN PROP\u00d3SITO PARTICULAR, QUE SE EXTIENDE M\u00c1S ALL\u00c1 DE DICHAS GARANT\u00cdAS, DESCRITAS O REFERIDAS A LO ANTERIOR.<\/p>\n<p>UNA PRESI\u00d3N DE AGUA QUE SUPERA (10 bar) 145 PSI PUEDE DESTRUIR EL FUNCIONAMIENTO INTERNO DEL ACONDICIONADOR DE AGUA Y ANULAR TODAS LAS GARANT\u00cdAS. SE RECOMIENDAN REGULADORES DE PRESI\u00d3N DE TRABAJO CUANDO LA PRESI\u00d3N DEL AGUA SUPERA LOS 75 PSI DURANTE EL D\u00cdA (LA PRESI\u00d3N PUEDE AUMENTAR DURANTE LA NOCHE).<\/p>\n<p>El mantenimiento regular recomendado y la limpieza del n\u00facleo catal\u00edtico deben realizarse al menos cada seis meses.<\/p>\n<p><strong>Nota #1:<\/strong> No lo utilice con agua que sea microbiol\u00f3gicamente insegura o de calidad desconocida sin una desinfecci\u00f3n adecuada antes o despu\u00e9s del sistema.<\/p>\n<p><strong>Nota #2:<\/strong> Consulte las Instrucciones de instalaci\u00f3n para conocer la responsabilidad del usuario, los requisitos generales de operaci\u00f3n y mantenimiento, el servicio al sistema y la disponibilidad de piezas o servicio.<\/p>\n<p>Cuando las jurisdicciones no permitan la exclusi\u00f3n o limitaci\u00f3n de da\u00f1os incidentales o consecuentes, es posible que no se apliquen las limitaciones o exclusiones anteriores.<\/p>\n<p><strong>F\u00e1brica\/Oficina Corporativa:<\/strong><br \/>\nCalle Rotman 11<br \/>\nHadera<br \/>\nIsrael<br \/>\nTel\u00e9fono: +972-50-4040309<\/p>","protected":false},"excerpt":{"rendered":"<p>GARANT\u00cdA LIMITADA DEL PRODUCTO DE SILK WATER TECHNOLOGIES LTD GARANT\u00cdA LIMITADA DE 1 A\u00d1O: Los productos fabricados por Silk Water Technologies Ltd tienen garant\u00eda de estar libres de defectos de material y mano de obra durante un per\u00edodo de un a\u00f1o a partir de la puesta en marcha y arranque del sistema, o catorce meses a partir de la fecha de env\u00edo, lo que ocurra primero.<\/p>","protected":false},"author":1,"featured_media":0,"parent":102,"menu_order":0,"comment_status":"closed","ping_status":"closed","template":"","meta":{"footnotes":""},"class_list":["post-843","page","type-page","status-publish","hentry"],"jetpack_sharing_enabled":true,"_links":{"self":[{"href":"https:\/\/silksoftwater.com\/es\/wp-json\/wp\/v2\/pages\/843","targetHints":{"allow":["GET"]}}],"collection":[{"href":"https:\/\/silksoftwater.com\/es\/wp-json\/wp\/v2\/pages"}],"about":[{"href":"https:\/\/silksoftwater.com\/es\/wp-json\/wp\/v2\/types\/page"}],"author":[{"embeddable":true,"href":"https:\/\/silksoftwater.com\/es\/wp-json\/wp\/v2\/users\/1"}],"replies":[{"embeddable":true,"href":"https:\/\/silksoftwater.com\/es\/wp-json\/wp\/v2\/comments?post=843"}],"version-history":[{"count":0,"href":"https:\/\/silksoftwater.com\/es\/wp-json\/wp\/v2\/pages\/843\/revisions"}],"up":[{"embeddable":true,"href":"https:\/\/silksoftwater.com\/es\/wp-json\/wp\/v2\/pages\/102"}],"wp:attachment":[{"href":"https:\/\/silksoftwater.com\/es\/wp-json\/wp\/v2\/media?parent=843"}],"curies":[{"name":"wp","href":"https:\/\/api.w.org\/{rel}","templated":true}]}}