{"id":1417,"date":"2020-10-06T01:26:14","date_gmt":"2020-10-05T22:26:14","guid":{"rendered":"https:\/\/silksoftwater.com\/?post_type=product&#038;p=1417"},"modified":"2025-08-12T12:04:07","modified_gmt":"2025-08-12T09:04:07","slug":"reductor-de-cal-swr-0010a","status":"publish","type":"product","link":"https:\/\/silksoftwater.com\/es\/producto\/reductor-de-cal-swr-0010a\/","title":{"rendered":"SWR-0010A Reductor de cal"},"content":{"rendered":"<h4>SWR-0010A Reductor de cal<\/h4>\n<p>El <strong>Reductor de cal SWR <\/strong>es un dispositivo en l\u00ednea (no un filtro de agua) que utiliza un proceso catal\u00edtico para tratar el suministro de agua a medida que se utiliza. El proceso inhibidor de incrustaciones catal\u00edtico hace que el carbonato de calcio en el agua precipite en cristales microsc\u00f3picos. Luego, estos cristales flotan en suspensi\u00f3n en el agua sin adherirse a superficies duras, lo que garantiza que las tuber\u00edas de agua, calderas, cilindros y teteras no se incrusten con la cal. El <strong>Reductor de cal SWR<\/strong> tratar\u00e1 su suministro de agua de forma econ\u00f3mica y eficiente durante muchos a\u00f1os.<\/p>\n<ul>\n<li>Tratamiento de suministro de agua para toda la casa.<\/li>\n<li>Previene la acumulaci\u00f3n de cal<\/li>\n<li>Desalienta el crecimiento de bacterias<\/li>\n<li>Previene la formaci\u00f3n de \u00f3xido en tuber\u00edas met\u00e1licas.<\/li>\n<li>Mantiene la eficiencia de los electrodom\u00e9sticos.<\/li>\n<li>El agua tratada es segura para beber.<\/li>\n<li>El agua tratada se puede almacenar hasta por 3 meses.<\/li>\n<li>Dise\u00f1o compacto: f\u00e1cil de instalar en cualquier orientaci\u00f3n<\/li>\n<li>Respetuoso con el medio ambiente, no utiliza productos qu\u00edmicos ni sales.<\/li>\n<li>Reductor de sarro sin mantenimiento: sin costes continuos<\/li>\n<li>No requiere energ\u00eda el\u00e9ctrica<\/li>\n<li>Instalado en l\u00ednea en el suministro de agua de la red principal justo despu\u00e9s de la llave de paso.<\/li>\n<\/ul>","protected":false},"excerpt":{"rendered":"<p><strong>SWR-0010A Reductor de cal<\/strong><\/p>\n<ul>\n<li>Caudal de 10 litros\/min (nominal)<\/li>\n<li>1\u2033 (Rosca BSP m\u00e1s adaptadores NPT)<\/li>\n<li>Compacto F\u00e1cil de instalar<\/li>\n<li>Previene la acumulaci\u00f3n de cal<\/li>\n<li>Tratamiento de agua dura para toda la casa<\/li>\n<\/ul>","protected":false},"featured_media":2143,"comment_status":"closed","ping_status":"closed","template":"","meta":[],"product_brand":[235],"product_cat":[214,152],"product_tag":[215],"class_list":{"0":"post-1417","1":"product","2":"type-product","3":"status-publish","4":"has-post-thumbnail","6":"product_brand-silkwater","7":"product_cat-limescale-reducer-residential","8":"product_cat-residential","9":"product_tag-swr","10":"product_shipping_class-residential","12":"first","13":"instock","14":"featured","15":"shipping-taxable","16":"purchasable","17":"product-type-simple"},"jetpack_sharing_enabled":true,"_links":{"self":[{"href":"https:\/\/silksoftwater.com\/es\/wp-json\/wp\/v2\/product\/1417","targetHints":{"allow":["GET"]}}],"collection":[{"href":"https:\/\/silksoftwater.com\/es\/wp-json\/wp\/v2\/product"}],"about":[{"href":"https:\/\/silksoftwater.com\/es\/wp-json\/wp\/v2\/types\/product"}],"replies":[{"embeddable":true,"href":"https:\/\/silksoftwater.com\/es\/wp-json\/wp\/v2\/comments?post=1417"}],"wp:featuredmedia":[{"embeddable":true,"href":"https:\/\/silksoftwater.com\/es\/wp-json\/wp\/v2\/media\/2143"}],"wp:attachment":[{"href":"https:\/\/silksoftwater.com\/es\/wp-json\/wp\/v2\/media?parent=1417"}],"wp:term":[{"taxonomy":"product_brand","embeddable":true,"href":"https:\/\/silksoftwater.com\/es\/wp-json\/wp\/v2\/product_brand?post=1417"},{"taxonomy":"product_cat","embeddable":true,"href":"https:\/\/silksoftwater.com\/es\/wp-json\/wp\/v2\/product_cat?post=1417"},{"taxonomy":"product_tag","embeddable":true,"href":"https:\/\/silksoftwater.com\/es\/wp-json\/wp\/v2\/product_tag?post=1417"}],"curies":[{"name":"wp","href":"https:\/\/api.w.org\/{rel}","templated":true}]}}