{"id":1459,"date":"2020-12-04T23:46:49","date_gmt":"2020-12-04T21:46:49","guid":{"rendered":"https:\/\/silksoftwater.com\/?post_type=product&#038;p=1459"},"modified":"2025-08-12T11:52:54","modified_gmt":"2025-08-12T08:52:54","slug":"acondicionador-de-agua-sw201xl-xa","status":"publish","type":"product","link":"https:\/\/silksoftwater.com\/es\/producto\/acondicionador-de-agua-sw201xl-xa\/","title":{"rendered":"SW201XL Acondicionador de agua XA"},"content":{"rendered":"<p><strong>Descalcificador de filtro de agua de acci\u00f3n m\u00faltiple para toda la casa Silkwater con control de bacterias y eliminaci\u00f3n de aire.<\/strong> Obtenga todos los beneficios del acondicionador de agua Ultra SW201XL con la conveniencia y los beneficios adicionales de la v\u00e1lvula de liberaci\u00f3n de aire. Disfrute de agua potable m\u00e1s limpia, pura, segura y con mejor sabor con el filtro de agua multiacci\u00f3n y descalcificador para toda la casa Silkwater con control de bacterias\/g\u00e9rmenes, eliminaci\u00f3n de hierro y eliminaci\u00f3n de aire disuelto a trav\u00e9s de una v\u00e1lvula de liberaci\u00f3n de aire especial. De hecho, el SW201XL es posiblemente el filtro\/acondicionador de agua para toda la casa m\u00e1s avanzado del mundo disponible en este momento. A diferencia de los ablandadores de agua convencionales que utilizan sal para ablandar el agua y as\u00ed despojarla de minerales valiosos, el <strong>SW201XL Acondicionador de agua XA<\/strong> retiene los valiosos minerales que tienen beneficios para la salud, suaviza el agua y elimina las impurezas. El agua que se ablanda con un ablandador de agua est\u00e1ndar no tiene buen sabor, contiene niveles m\u00e1s altos de sodio (sal), lo que no se recomienda para personas con enfermedades card\u00edacas y no es ideal para sistemas s\u00e9pticos. El <strong>SW201XL<\/strong> El acondicionador de agua dura de acci\u00f3n m\u00faltiple realiza m\u00faltiples funciones separadas en una unidad de filtraci\u00f3n compacta y f\u00e1cil de instalar.<\/p>\n<ul>\n<li>El agua entrante pasa a trav\u00e9s del n\u00facleo de control principal SW201XL para descomponer las incrustaciones de calcio en cristales de aragonita.<\/li>\n<li>La v\u00e1lvula de liberaci\u00f3n de aire ayuda a prevenir la acumulaci\u00f3n de aire disuelto.<\/li>\n<li>A continuaci\u00f3n, el agua tratada pasa por un tratamiento con silifos a partir de cristales de polifosfato.<\/li>\n<li>Luego, el agua acondicionada se filtra a su paso a trav\u00e9s del filtro de acero inoxidable de 25 micrones.<\/li>\n<li>Las bacterias y el hierro se eliminan al pasar a trav\u00e9s del cartucho de filtro de 2 micrones de dise\u00f1o especial.<\/li>\n<li>El cartucho especial elimina el cloro combinado pero deja el cloro libre, m\u00e1s eficaz, para obtener agua libre de g\u00e9rmenes.<\/li>\n<li><span dir=\"LTR\">Las tuber\u00edas est\u00e1n protegidas contra el exceso de presi\u00f3n y el peligro de explosi\u00f3n, debido a la reducci\u00f3n de la turbulencia agua\/aire (choque de agua)<br \/>\n<\/span><\/li>\n<li>La fuga de plomo de los conectores de lat\u00f3n se evita mediante la reducci\u00f3n del aire disuelto en el agua.<\/li>\n<li>La formaci\u00f3n de \u00f3xido en tuber\u00edas met\u00e1licas y fontaner\u00eda se inhibe mediante la reducci\u00f3n del aire.<\/li>\n<li>Previene el cultivo de bacterias aer\u00f3bicas.<\/li>\n<\/ul>\n<p><a href=\"https:\/\/silksoftwater.com\/es\/producto\/swc-pp06-cartridge\/\">Para cartuchos de polifosfato de repuesto, consulte SWC-PP06<\/a><br \/>\n<a href=\"https:\/\/silksoftwater.com\/es\/producto\/cartuchos-swc-ir06\/\">Para cartuchos de eliminaci\u00f3n de hierro de repuesto, consulte SWC-IR06<\/a><br \/>\n<a href=\"https:\/\/silksoftwater.com\/es\/producto\/kit-de-mantenimiento-swc-ak12\/\">Para kit de cartuchos de polifosfato y desferrizador ver SWC-AK12<\/a><\/p>\n<h4>Acondicionador de agua SW201XL Ultra versus tratamiento de agua convencional<strong><br \/>\n<\/strong><\/h4>\n<p>Para proporcionar agua limpia y blanda, la mayor\u00eda de los filtros\/ablandadores de agua convencionales actuales para toda la casa necesitan dos sistemas separados (un filtro y un descalcificador) que son m\u00e1s costosos de instalar. El <strong>SW201XL Acondicionador de agua XA <\/strong>est\u00e1 dise\u00f1ado para resolver ambos problemas en una unidad compacta. Sin embargo, a\u00fan m\u00e1s importante que el costo es la calidad del agua despu\u00e9s de pasar por el<strong> SW201XL Acondicionador de agua XA <\/strong>filtrar.<\/p>\n<p>Actualmente, la mayor\u00eda de filtros de agua convencionales del mercado son filtros de carb\u00f3n, que eliminan casi todo el cloro del agua. Una vez que se ha eliminado todo el cloro, el agua potable es vulnerable a microorganismos peligrosos. Esto podr\u00eda llevar a una situaci\u00f3n en la que el agua que fluye a trav\u00e9s de las tuber\u00edas dom\u00e9sticas podr\u00eda recoger cualquier g\u00e9rmenes que se encuentren en el sistema de plomer\u00eda. Porque el <strong>SW201XL Acondicionador de agua XA <\/strong>es capaz de filtrar el cloro combinado y dejar en el cloro libre m\u00e1s efectivo, el agua que viaja a trav\u00e9s de las tuber\u00edas a\u00fan puede matar cualquier bacteria o g\u00e9rmenes que puedan haberse asentado en el sistema de plomer\u00eda, sin importar qu\u00e9 grifo o grifo lleven. a. Esto asegura que el agua siempre estar\u00e1 libre de g\u00e9rmenes. Pero el agua no s\u00f3lo est\u00e1 libre de g\u00e9rmenes, sino que tambi\u00e9n es saludable.<\/p>\n<p>Al quitar la dureza del agua, el <strong>SW201XL Acondicionador de agua XA <\/strong>Deja minerales esenciales que otros ablandadores de agua a base de sal eliminan. Aunque el calcio tratado se ha convertido en aragonito, se mantiene en suspensi\u00f3n gracias a la acci\u00f3n de los polifosfatos. Y mantiene los beneficios para la salud al dejar los minerales en el agua. Disfrutar\u00e1 de un agua potable m\u00e1s suave y pura con un sabor natural sin utilizar sal para tratar el agua.<\/p>\n<h4>Acondicionamiento de agua \u2013 Eliminaci\u00f3n de hierro \u2013 Purificaci\u00f3n<\/h4>\n<p>El Acondicionador de Agua Ultra SW201XL m\u00e1s eficiente y efectivo.<\/p>\n<p><iframe loading=\"lazy\" src=\"https:\/\/www.youtube.com\/embed\/mzwgZpTz4-M?rel=0\" width=\"560\" height=\"315\" frameborder=\"0\" allowfullscreen=\"allowfullscreen\"><\/iframe><\/p>\n<h4>Beneficios de usar el Acondicionador de Agua SW201XL XA<\/h4>\n<ul>\n<li>Agua potable de alta calidad de cada grifo de la casa.<\/li>\n<li>Piel y cabello m\u00e1s suaves (sin esa sensaci\u00f3n resbaladiza)<\/li>\n<li>Hojas en minerales necesarios y beneficiosos.<\/li>\n<li>Reduce la acumulaci\u00f3n de cal en plomer\u00eda y aparatos de agua.<\/li>\n<li>Reduce las manchas de agua dura en puertas de ducha y encimeras.<\/li>\n<li>Reduce y elimina el aire disuelto a trav\u00e9s de la v\u00e1lvula de liberaci\u00f3n de aire.<\/li>\n<li>Elimina el cloro combinado para mejorar el sabor y el olfato.<\/li>\n<li>Elimina el hierro (la causa de las manchas marrones de \u00f3xido en ba\u00f1eras y aseos)<\/li>\n<li>No desperdicia agua<\/li>\n<li>No usa sal<\/li>\n<li>No usa electricidad<\/li>\n<li>Mejor para ti y el medio ambiente<\/li>\n<li>No es necesario comprar agua embotellada.<\/li>\n<li>Sin p\u00e9rdida de presi\u00f3n de agua.<\/li>\n<li>F\u00e1cil de instalar y mantener<\/li>\n<li>Sin tarifas de mantenimiento mensuales o anuales<\/li>\n<li>Soluci\u00f3n asequible para un agua m\u00e1s pura, suave y segura<\/li>\n<li>Amigable con el medio ambiente<\/li>\n<\/ul>\n<p><a href=\"https:\/\/silksoftwater.com\/wp-content\/uploads\/2018\/10\/2018-10-25_00-05-41.gif\"><img loading=\"lazy\" decoding=\"async\" class=\"alignnone size-full wp-image-255\" src=\"https:\/\/silksoftwater.com\/wp-content\/uploads\/2018\/10\/2018-10-25_00-05-41.gif\" alt=\"\" width=\"939\" height=\"589\" \/><\/a><\/p>\n<hr \/>\n<p><img loading=\"lazy\" decoding=\"async\" class=\"aligncenter size-full wp-image-589\" src=\"https:\/\/silksoftwater.com\/wp-content\/uploads\/2018\/11\/ANSI_NSF-SCC-430x83.jpg\" alt=\"\" width=\"430\" height=\"83\" \/><\/p>","protected":false},"excerpt":{"rendered":"<ul>\n<li>V\u00e1lvula de liberaci\u00f3n de aire<\/li>\n<li>Tratamiento de agua dura<\/li>\n<li>Control de bacterias<\/li>\n<li>Eliminaci\u00f3n de hierro<\/li>\n<li>V\u00e1lvula de enjuague de f\u00e1cil servicio<\/li>\n<li>Acondicionamiento de agua sin sal<\/li>\n<li>Descalcificador de filtro de agua para toda la casa<\/li>\n<\/ul>","protected":false},"featured_media":1460,"comment_status":"closed","ping_status":"closed","template":"","meta":[],"product_brand":[235],"product_cat":[67,174,214,152,21],"product_tag":[217,233],"class_list":{"0":"post-1459","1":"product","2":"type-product","3":"status-publish","4":"has-post-thumbnail","6":"product_brand-silkwater","7":"product_cat-conditioner-iron-removal","8":"product_cat-conditioner-multi-filter","9":"product_cat-limescale-reducer-residential","10":"product_cat-residential","11":"product_cat-water-conditioner-residential","12":"product_tag-sw201","13":"product_tag-wd","14":"product_shipping_class-residential","16":"first","17":"instock","18":"featured","19":"shipping-taxable","20":"purchasable","21":"product-type-simple"},"jetpack_sharing_enabled":true,"_links":{"self":[{"href":"https:\/\/silksoftwater.com\/es\/wp-json\/wp\/v2\/product\/1459","targetHints":{"allow":["GET"]}}],"collection":[{"href":"https:\/\/silksoftwater.com\/es\/wp-json\/wp\/v2\/product"}],"about":[{"href":"https:\/\/silksoftwater.com\/es\/wp-json\/wp\/v2\/types\/product"}],"replies":[{"embeddable":true,"href":"https:\/\/silksoftwater.com\/es\/wp-json\/wp\/v2\/comments?post=1459"}],"wp:featuredmedia":[{"embeddable":true,"href":"https:\/\/silksoftwater.com\/es\/wp-json\/wp\/v2\/media\/1460"}],"wp:attachment":[{"href":"https:\/\/silksoftwater.com\/es\/wp-json\/wp\/v2\/media?parent=1459"}],"wp:term":[{"taxonomy":"product_brand","embeddable":true,"href":"https:\/\/silksoftwater.com\/es\/wp-json\/wp\/v2\/product_brand?post=1459"},{"taxonomy":"product_cat","embeddable":true,"href":"https:\/\/silksoftwater.com\/es\/wp-json\/wp\/v2\/product_cat?post=1459"},{"taxonomy":"product_tag","embeddable":true,"href":"https:\/\/silksoftwater.com\/es\/wp-json\/wp\/v2\/product_tag?post=1459"}],"curies":[{"name":"wp","href":"https:\/\/api.w.org\/{rel}","templated":true}]}}