{"id":1490,"date":"2021-02-04T16:48:19","date_gmt":"2021-02-04T14:48:19","guid":{"rendered":"https:\/\/silksoftwater.com\/?post_type=product&#038;p=1490"},"modified":"2025-08-12T11:59:37","modified_gmt":"2025-08-12T08:59:37","slug":"cartuchos-swc-ir06","status":"publish","type":"product","link":"https:\/\/silksoftwater.com\/es\/producto\/cartuchos-swc-ir06\/","title":{"rendered":"Cartuchos SWC-IR06"},"content":{"rendered":"<p><strong>Kit de mantenimiento de 6 cartuchos de eliminaci\u00f3n de hierro de repuesto para uso en descalcificadores de filtro de agua multiacci\u00f3n Silkwater para toda la casa.<\/strong><\/p>\n<p>Al realizar un mantenimiento regular de su descalcificador\/acondicionador Silkwater, seguir\u00e1 disfrutando de agua potable m\u00e1s limpia, pura, segura y de mejor sabor con los acondicionadores de agua multiacci\u00f3n para toda la casa Silkwater.<\/p>\n<p>El <strong>SWC-IR06 <\/strong>es un kit de mantenimiento de (6) cartuchos de repuesto para eliminaci\u00f3n de hierro para uso en acondicionadores Silkwater, suficiente para tres (3) a\u00f1os de servicio. Este kit se puede utilizar en los siguientes acondicionadores Silkwater:<\/p>\n<ul>\n<li><a href=\"https:\/\/silksoftwater.com\/es\/producto\/acondicionador-de-agua-sw150-ss\/\">Acondicionador de agua SW150 SS<\/a><\/li>\n<li><a href=\"https:\/\/silksoftwater.com\/es\/producto\/acondicionador-de-agua-sw200xl-ultra\/\">Acondicionador de agua SW200XL Ultra<\/a><\/li>\n<li><a href=\"https:\/\/silksoftwater.com\/es\/producto\/acondicionador-de-agua-sw201xl-xa\/\">SW201XL Acondicionador de agua XA<\/a><\/li>\n<\/ul>\n<p>Para el cartucho de polifosfato Silkwater separado \u00fanicamente (cartucho azul), consulte <strong>SWC-PP06. <\/strong>Para obtener un kit de mantenimiento de los cartuchos SWC-PP06 (polifosfato) y SWC-IR06 (eliminaci\u00f3n de hierro), consulte <strong>SWC-AK12<\/strong><\/p>\n<h4>Reemplazo de eliminaci\u00f3n de hierro (cartucho azul\/blanco) en SW200XL<\/h4>\n<p>El Acondicionador de Agua Ultra SW200XL m\u00e1s eficiente y efectivo.<\/p>\n<p><iframe loading=\"lazy\" src=\"https:\/\/www.youtube.com\/embed\/mzwgZpTz4-M?rel=0\" width=\"560\" height=\"315\" frameborder=\"0\" allowfullscreen=\"allowfullscreen\"><\/iframe><\/p>\n<hr \/>\n<hr \/>\n<p><img loading=\"lazy\" decoding=\"async\" class=\"aligncenter size-full wp-image-589\" src=\"https:\/\/silksoftwater.com\/wp-content\/uploads\/2018\/11\/ANSI_NSF-SCC-430x83.jpg\" alt=\"\" width=\"430\" height=\"83\" \/><\/p>","protected":false},"excerpt":{"rendered":"<ul>\n<li>6 cartuchos de eliminaci\u00f3n de hierro<\/li>\n<li>Suficiente para 3 a\u00f1os de servicio.<\/li>\n<li>F\u00e1cil remoci\u00f3n y mantenimiento<\/li>\n<li>Utilizado en SW150, SW200XL, SW201XL.<\/li>\n<\/ul>","protected":false},"featured_media":1494,"comment_status":"closed","ping_status":"closed","template":"","meta":[],"product_brand":[235],"product_cat":[221,152],"product_tag":[23,24,217,233],"class_list":{"0":"post-1490","1":"product","2":"type-product","3":"status-publish","4":"has-post-thumbnail","6":"product_brand-silkwater","7":"product_cat-replacement-cartridges","8":"product_cat-residential","9":"product_tag-sw150","10":"product_tag-sw200","11":"product_tag-sw201","12":"product_tag-wd","13":"product_shipping_class-residential","15":"first","16":"instock","17":"featured","18":"shipping-taxable","19":"purchasable","20":"product-type-simple"},"jetpack_sharing_enabled":true,"_links":{"self":[{"href":"https:\/\/silksoftwater.com\/es\/wp-json\/wp\/v2\/product\/1490","targetHints":{"allow":["GET"]}}],"collection":[{"href":"https:\/\/silksoftwater.com\/es\/wp-json\/wp\/v2\/product"}],"about":[{"href":"https:\/\/silksoftwater.com\/es\/wp-json\/wp\/v2\/types\/product"}],"replies":[{"embeddable":true,"href":"https:\/\/silksoftwater.com\/es\/wp-json\/wp\/v2\/comments?post=1490"}],"wp:featuredmedia":[{"embeddable":true,"href":"https:\/\/silksoftwater.com\/es\/wp-json\/wp\/v2\/media\/1494"}],"wp:attachment":[{"href":"https:\/\/silksoftwater.com\/es\/wp-json\/wp\/v2\/media?parent=1490"}],"wp:term":[{"taxonomy":"product_brand","embeddable":true,"href":"https:\/\/silksoftwater.com\/es\/wp-json\/wp\/v2\/product_brand?post=1490"},{"taxonomy":"product_cat","embeddable":true,"href":"https:\/\/silksoftwater.com\/es\/wp-json\/wp\/v2\/product_cat?post=1490"},{"taxonomy":"product_tag","embeddable":true,"href":"https:\/\/silksoftwater.com\/es\/wp-json\/wp\/v2\/product_tag?post=1490"}],"curies":[{"name":"wp","href":"https:\/\/api.w.org\/{rel}","templated":true}]}}