{"id":1491,"date":"2021-02-04T17:03:42","date_gmt":"2021-02-04T15:03:42","guid":{"rendered":"https:\/\/silksoftwater.com\/?post_type=product&#038;p=1491"},"modified":"2025-08-11T15:22:27","modified_gmt":"2025-08-11T12:22:27","slug":"kit-de-mantenimiento-swc-ak12","status":"publish","type":"product","link":"https:\/\/silksoftwater.com\/es\/producto\/kit-de-mantenimiento-swc-ak12\/","title":{"rendered":"Kit de mantenimiento SWC-AK12"},"content":{"rendered":"<p><strong>Kit de mantenimiento de 6 cartuchos de polifosfato de repuesto y 6 eliminadores de hierro para uso en descalcificadores de filtro de agua multiacci\u00f3n Silkwater para toda la casa con control de bacterias. Total de 12 cartuchos.<br \/>\n<\/strong><\/p>\n<p>Al realizar un mantenimiento regular de su descalcificador\/acondicionador Silkwater, seguir\u00e1 disfrutando de agua potable m\u00e1s limpia, pura, segura y de mejor sabor con los acondicionadores de agua multiacci\u00f3n para toda la casa Silkwater.<\/p>\n<p>El <strong>SWC-AK12 <\/strong>es un kit de mantenimiento de seis (6) cartuchos de repuesto de polifosfato m\u00e1s seis (6) cartuchos de eliminaci\u00f3n de hierro para usar en acondicionadores Silkwater, suficientes para tres (3) a\u00f1os de servicio. Este kit se puede utilizar en los siguientes acondicionadores Silkwater:<\/p>\n<ul>\n<li><a href=\"https:\/\/silksoftwater.com\/es\/producto\/acondicionador-de-agua-sw150-ss\/\">Acondicionador de agua SW150 SS<\/a><\/li>\n<li><a href=\"https:\/\/silksoftwater.com\/es\/producto\/acondicionador-de-agua-sw200xl-ultra\/\">Acondicionador de agua SW200XL Ultra<\/a><\/li>\n<li><a href=\"https:\/\/silksoftwater.com\/es\/producto\/acondicionador-de-agua-sw201xl-xa\/\">SW201XL Acondicionador de agua XA<\/a><\/li>\n<\/ul>\n<p>Para el cartucho separador de eliminaci\u00f3n de hierro Silkwater de 2 micrones \u00fanicamente (cartucho azul y blanco), consulte <strong>SWC-IR06. <\/strong>Para cartuchos de polifosfato separados, consulte los cartuchos SWC-PP06 (eliminaci\u00f3n de hierro).<\/p>\n<h4>Cartuchos de repuesto de polifosfato y eliminaci\u00f3n de hierro en SW200XL<\/h4>\n<p>El Acondicionador de Agua Ultra SW200XL m\u00e1s eficiente y efectivo.<\/p>\n<p><iframe loading=\"lazy\" src=\"https:\/\/www.youtube.com\/embed\/mzwgZpTz4-M?rel=0\" width=\"560\" height=\"315\" frameborder=\"0\" allowfullscreen=\"allowfullscreen\"><\/iframe><\/p>\n<hr \/>\n<hr \/>\n<p><img loading=\"lazy\" decoding=\"async\" class=\"aligncenter size-full wp-image-589\" src=\"https:\/\/silksoftwater.com\/wp-content\/uploads\/2018\/11\/ANSI_NSF-SCC-430x83.jpg\" alt=\"\" width=\"430\" height=\"83\" \/><\/p>","protected":false},"excerpt":{"rendered":"<ul>\n<li>6 cartuchos de polifosfato<\/li>\n<li>6 cartuchos de eliminaci\u00f3n de hierro<\/li>\n<li>Suficiente para 3 a\u00f1os de servicio.<\/li>\n<li>F\u00e1cil remoci\u00f3n y mantenimiento<\/li>\n<li>Utilizado en SW150, SW200XL, SW201XL.<\/li>\n<\/ul>","protected":false},"featured_media":1493,"comment_status":"closed","ping_status":"closed","template":"","meta":[],"product_brand":[235],"product_cat":[222,221,152],"product_tag":[23,24,217,233],"class_list":{"0":"post-1491","1":"product","2":"type-product","3":"status-publish","4":"has-post-thumbnail","6":"product_brand-silkwater","7":"product_cat-polyphosphate","8":"product_cat-replacement-cartridges","9":"product_cat-residential","10":"product_tag-sw150","11":"product_tag-sw200","12":"product_tag-sw201","13":"product_tag-wd","14":"product_shipping_class-residential","16":"first","17":"instock","18":"featured","19":"shipping-taxable","20":"purchasable","21":"product-type-simple"},"jetpack_sharing_enabled":true,"_links":{"self":[{"href":"https:\/\/silksoftwater.com\/es\/wp-json\/wp\/v2\/product\/1491","targetHints":{"allow":["GET"]}}],"collection":[{"href":"https:\/\/silksoftwater.com\/es\/wp-json\/wp\/v2\/product"}],"about":[{"href":"https:\/\/silksoftwater.com\/es\/wp-json\/wp\/v2\/types\/product"}],"replies":[{"embeddable":true,"href":"https:\/\/silksoftwater.com\/es\/wp-json\/wp\/v2\/comments?post=1491"}],"wp:featuredmedia":[{"embeddable":true,"href":"https:\/\/silksoftwater.com\/es\/wp-json\/wp\/v2\/media\/1493"}],"wp:attachment":[{"href":"https:\/\/silksoftwater.com\/es\/wp-json\/wp\/v2\/media?parent=1491"}],"wp:term":[{"taxonomy":"product_brand","embeddable":true,"href":"https:\/\/silksoftwater.com\/es\/wp-json\/wp\/v2\/product_brand?post=1491"},{"taxonomy":"product_cat","embeddable":true,"href":"https:\/\/silksoftwater.com\/es\/wp-json\/wp\/v2\/product_cat?post=1491"},{"taxonomy":"product_tag","embeddable":true,"href":"https:\/\/silksoftwater.com\/es\/wp-json\/wp\/v2\/product_tag?post=1491"}],"curies":[{"name":"wp","href":"https:\/\/api.w.org\/{rel}","templated":true}]}}