{"id":1530,"date":"2021-10-04T14:33:32","date_gmt":"2021-10-04T11:33:32","guid":{"rendered":"https:\/\/silksoftwater.com\/?post_type=product&#038;p=1530"},"modified":"2025-08-11T14:57:29","modified_gmt":"2025-08-11T11:57:29","slug":"descalcificador-electronico-sw120hp","status":"publish","type":"product","link":"https:\/\/silksoftwater.com\/es\/producto\/descalcificador-electronico-sw120hp\/","title":{"rendered":"Descalcificador electr\u00f3nico SW120HP"},"content":{"rendered":"<h4>Descalcificador electr\u00f3nico Hug &amp; Plug SW120HP<\/h4>\n<p>El <strong>SW120HP <\/strong>es un dispositivo en l\u00ednea (no un filtro de agua) que utiliza un proceso electromagn\u00e9tico para tratar el suministro de agua a medida que se utiliza. El resultado son tuber\u00edas de agua, calderas, cilindros y hervidores que no se acumulan con la cal. El <strong>Descalcificador electr\u00f3nico SW120HP<\/strong> tratar\u00e1 su suministro de agua de manera econ\u00f3mica, eficiente y sin mantenimiento durante muchos a\u00f1os, facilitando la precipitaci\u00f3n masiva de cristales en lugar de la adhesi\u00f3n a la pared de electrodom\u00e9sticos, tuber\u00edas y recipientes.<\/p>\n<p>El tratamiento magn\u00e9tico antical o AMT del descalcificador electr\u00f3nico hug and plug, ayuda a reducir los problemas t\u00e9cnicos y econ\u00f3micos provocados por los dep\u00f3sitos de cal en los sistemas de agua. Las tecnolog\u00edas de tratamiento de agua no qu\u00edmicos, como el dispositivo de campo electromagn\u00e9tico (EMF) SW120HP, ahora son opciones viables para evitar o minimizar el uso de inhibidores de incrustaciones, antiincrustantes u otros procesos qu\u00edmicos involucrados.<\/p>\n<p>Para maximizar los resultados, es recomendable instalar el dispositivo seg\u00fan el tama\u00f1o de la tuber\u00eda o el caudal. Esto lo haremos en un c\u00e1lculo aproximado seg\u00fan el di\u00e1metro de la tuber\u00eda de la siguiente manera:<\/p>\n<p><strong>Para tama\u00f1os de tuber\u00eda de 3\/8\u2033 a 1,25\u2033 (capacidad de hasta 10 m3\/hora): se recomienda un (1) dispositivo SW120HP<\/strong><br \/>\n<strong>Para tama\u00f1os de tuber\u00eda de 1\u2033 a 2,25\u2033 (capacidad de hasta 20 m3\/hora): dos (2) dispositivos SW120HP <\/strong><strong>recomendado<\/strong><br \/>\n<strong>Para tama\u00f1os de tuber\u00eda de 2\u2033 a 3\u2033 (capacidad de hasta 40 m3\/hora): se recomiendan cuatro (4) dispositivos SW120HP<br \/>\n<\/strong><\/p>\n<h3>caracter\u00edsticas y beneficios<\/h3>\n<ul>\n<li>Reduce la cal y el \u00f3xido existentes.<\/li>\n<li>Reduce las colonias bacterianas.<\/li>\n<li>Elimina una mayor formaci\u00f3n de cal.<\/li>\n<li>No afecta el pH y la dureza del agua.<\/li>\n<li>No da\u00f1a minerales importantes como el calcio y el magnesio.<\/li>\n<li>Apto para todo tipo de tuber\u00edas de agua.<\/li>\n<li>Apto para trabajar con todo tipo de tensi\u00f3n el\u00e9ctrica.<\/li>\n<li>F\u00e1cil de montar e instalar<\/li>\n<li>No requiere piezas de repuesto<\/li>\n<li>No requiere cuidados peri\u00f3dicos.<\/li>\n<li>Cuerpo de aluminio resistente, no de pl\u00e1stico.<\/li>\n<li>Se puede transferir a otra ubicaci\u00f3n si es necesario.<\/li>\n<li>Luz de control azul que confirma el funcionamiento normal del sistema.<\/li>\n<li>Adecuado para di\u00e1metros de tuber\u00eda de 3\/8\u2033 hasta 3\u2033<\/li>\n<li>No causa fugas ni contaminaci\u00f3n en las tuber\u00edas como un filtro de agua est\u00e1ndar.<\/li>\n<\/ul>\n<h4>Instalaci\u00f3n sencilla de bricolaje (abrazo y enchufe)<\/h4>\n<p>La unidad se puede instalar de forma sencilla y sencilla en cualquier tuber\u00eda de agua de hasta 3 pulgadas de di\u00e1metro sin herramientas ni equipos. Simplemente abrace el dispositivo en la tuber\u00eda de agua y con\u00e9ctelo a una toma de corriente cercana. Una vez que la luz indicadora azul est\u00e1 encendida, la unidad est\u00e1 tratando el agua que fluye dentro de la tuber\u00eda en ese lugar.<\/p>\n<p>El SW120HP requiere solo 12 voltios de electricidad para funcionar y es adecuado para su uso en todos los est\u00e1ndares el\u00e9ctricos del mundo.<\/p>","protected":false},"excerpt":{"rendered":"<p><strong>Descalcificador electr\u00f3nico de agua SW120HP<br \/>\n<\/strong><\/p>\n<ul>\n<li>Elimina la formaci\u00f3n de cal<\/li>\n<li>Se adapta a todas las tuber\u00edas de hasta 3 pulgadas de di\u00e1metro.<\/li>\n<li>Instalaci\u00f3n sencilla de \u201cabrazar y enchufar\u201d<\/li>\n<li>Tratamiento de agua dura para toda la casa<\/li>\n<\/ul>","protected":false},"featured_media":1531,"comment_status":"closed","ping_status":"closed","template":"","meta":[],"product_brand":[235],"product_cat":[225,152],"product_tag":[215,233],"class_list":{"0":"post-1530","1":"product","2":"type-product","3":"status-publish","4":"has-post-thumbnail","6":"product_brand-silkwater","7":"product_cat-electronic-descaler-residential","8":"product_cat-residential","9":"product_tag-swr","10":"product_tag-wd","11":"product_shipping_class-residential","13":"first","14":"instock","15":"featured","16":"shipping-taxable","17":"purchasable","18":"product-type-simple"},"jetpack_sharing_enabled":true,"_links":{"self":[{"href":"https:\/\/silksoftwater.com\/es\/wp-json\/wp\/v2\/product\/1530","targetHints":{"allow":["GET"]}}],"collection":[{"href":"https:\/\/silksoftwater.com\/es\/wp-json\/wp\/v2\/product"}],"about":[{"href":"https:\/\/silksoftwater.com\/es\/wp-json\/wp\/v2\/types\/product"}],"replies":[{"embeddable":true,"href":"https:\/\/silksoftwater.com\/es\/wp-json\/wp\/v2\/comments?post=1530"}],"wp:featuredmedia":[{"embeddable":true,"href":"https:\/\/silksoftwater.com\/es\/wp-json\/wp\/v2\/media\/1531"}],"wp:attachment":[{"href":"https:\/\/silksoftwater.com\/es\/wp-json\/wp\/v2\/media?parent=1530"}],"wp:term":[{"taxonomy":"product_brand","embeddable":true,"href":"https:\/\/silksoftwater.com\/es\/wp-json\/wp\/v2\/product_brand?post=1530"},{"taxonomy":"product_cat","embeddable":true,"href":"https:\/\/silksoftwater.com\/es\/wp-json\/wp\/v2\/product_cat?post=1530"},{"taxonomy":"product_tag","embeddable":true,"href":"https:\/\/silksoftwater.com\/es\/wp-json\/wp\/v2\/product_tag?post=1530"}],"curies":[{"name":"wp","href":"https:\/\/api.w.org\/{rel}","templated":true}]}}