{"id":1825,"date":"2023-02-06T12:27:42","date_gmt":"2023-02-06T10:27:42","guid":{"rendered":"https:\/\/silksoftwater.com\/?post_type=product&#038;p=1825"},"modified":"2025-08-11T15:04:47","modified_gmt":"2025-08-11T12:04:47","slug":"campo-del-acondicionador-de-agua-sw305","status":"publish","type":"product","link":"https:\/\/silksoftwater.com\/es\/producto\/campo-del-acondicionador-de-agua-sw305\/","title":{"rendered":"SW305 Acondicionador de agua ELD"},"content":{"rendered":"<p><strong>Silkwater SW305 Filtro de agua de triple acci\u00f3n para toda la casa con descalcificador el\u00e9ctrico.<\/strong> Obtiene m\u00faltiples funciones en un sistema de filtraci\u00f3n compacto. Disfrute de agua potable m\u00e1s limpia, pura y con mejor sabor utilizando el filtro de agua de triple acci\u00f3n y descalcificador Silkwater Whole House con v\u00e1lvula de liberaci\u00f3n de aire. La comodidad y los beneficios adicionales de la v\u00e1lvula de liberaci\u00f3n de aire m\u00e1s un descalcificador el\u00e9ctrico adicional. La entrada y salida son roscas de tubo de 1\u2033.<\/p>\n<p>A diferencia de los ablandadores de agua convencionales que usan sal para ablandar el agua y, por lo tanto, despojarla de minerales valiosos, el filtro de agua de triple acci\u00f3n con descalcificador para toda la casa retiene los minerales valiosos que tienen beneficios para la salud. El agua que se ablanda con un ablandador de agua est\u00e1ndar no tiene buen sabor, contiene niveles m\u00e1s altos de sodio (sal), lo que no se recomienda para personas con enfermedades card\u00edacas y no es ideal para sistemas s\u00e9pticos. El acondicionador de agua dura de triple acci\u00f3n realiza tres funciones separadas en una unidad de filtraci\u00f3n compacta y f\u00e1cil de instalar.<\/p>\n<ul>\n<li>El agua entrante pasa a trav\u00e9s del n\u00facleo de control principal SW305 para descomponer las incrustaciones de calcio en cristales de aragonita.<\/li>\n<li>A continuaci\u00f3n, el agua tratada pasa por un tratamiento con silifos a partir de cristales de polifosfato.<\/li>\n<li>El agua acondicionada se filtra a medida que pasa a trav\u00e9s del filtro de malla de acero inoxidable de 20 micrones.<\/li>\n<li>La v\u00e1lvula de liberaci\u00f3n de aire ayuda a prevenir la acumulaci\u00f3n de aire disuelto.<\/li>\n<\/ul>\n<p>Aunque el calcio tratado se ha convertido en aragonito, se mantiene en suspensi\u00f3n gracias a la acci\u00f3n de los polifosfatos. Y mantiene los beneficios para la salud al dejar los minerales en el agua. Disfrutar\u00e1 de agua potable limpia y con un sabor natural sin utilizar sal para tratarla.<\/p>\n<h4>Instalaci\u00f3n<\/h4>\n<p>El filtro se puede instalar en cualquier tipo de material de plomer\u00eda, incluidos pex, pvc, cobre, galvanizado y cpvc. Instalar un cierre de agua en el lado de entrada o un bypass de tres v\u00e1lvulas har\u00e1 que el servicio sea m\u00e1s conveniente.<\/p>\n<h4>Beneficios de usar el Acondicionador de Agua Ultra SW305<\/h4>\n<ul>\n<li>Agua potable de alta calidad de cada grifo de la casa.<\/li>\n<li>Piel y cabello m\u00e1s suaves (sin esa sensaci\u00f3n resbaladiza)<\/li>\n<li>Hojas en minerales necesarios y beneficiosos.<\/li>\n<li><span dir=\"LTR\">Reducci\u00f3n de la turbulencia agua\/aire (choque de agua)<\/span><\/li>\n<li><span dir=\"LTR\">Las tuber\u00edas est\u00e1n protegidas del exceso de presi\u00f3n y del peligro de explosi\u00f3n.<br \/>\n<\/span><\/li>\n<li>La fuga de plomo de los conectores de lat\u00f3n se evita mediante la reducci\u00f3n del aire disuelto en el agua.<\/li>\n<li>La formaci\u00f3n de \u00f3xido en tuber\u00edas met\u00e1licas y fontaner\u00eda se inhibe mediante la reducci\u00f3n del aire.<\/li>\n<li>Previene el cultivo de bacterias aer\u00f3bicas.<\/li>\n<li>Reduce la acumulaci\u00f3n de cal en plomer\u00eda y aparatos de agua.<\/li>\n<li>Reduce las manchas de agua dura en puertas de ducha y encimeras.<\/li>\n<li>No desperdicia agua<\/li>\n<li>No usa sal<\/li>\n<li>Mejor para ti y el medio ambiente<\/li>\n<li>No es necesario comprar agua embotellada.<\/li>\n<li>Sin p\u00e9rdida de presi\u00f3n de agua.<\/li>\n<li>F\u00e1cil de instalar y mantener<\/li>\n<li>Sin tarifas de mantenimiento mensuales o anuales<\/li>\n<li>Soluci\u00f3n asequible para agua m\u00e1s pura y blanda<\/li>\n<li>Sin desperdiciar agua salada<\/li>\n<li>Amigable con el medio ambiente<\/li>\n<\/ul>\n<p><a href=\"https:\/\/silksoftwater.com\/wp-content\/uploads\/2018\/10\/2018-10-25_00-05-41.gif\"><img loading=\"lazy\" decoding=\"async\" class=\"alignnone size-full wp-image-255\" src=\"https:\/\/silksoftwater.com\/wp-content\/uploads\/2018\/10\/2018-10-25_00-05-41.gif\" alt=\"\" width=\"939\" height=\"589\" \/><\/a><\/p>\n<hr \/>\n<p><img loading=\"lazy\" decoding=\"async\" class=\"aligncenter size-full wp-image-589\" src=\"https:\/\/silksoftwater.com\/wp-content\/uploads\/2018\/11\/ANSI_NSF-SCC-430x83.jpg\" alt=\"\" width=\"430\" height=\"83\" \/><\/p>","protected":false},"excerpt":{"rendered":"<ul>\n<li>Roscas de tuber\u00eda de entrada y salida de 1 \u2033 (1 pulgada)<\/li>\n<li>Proceso catal\u00edtico electromec\u00e1nico<\/li>\n<li>Tratamiento de agua dura m\u00e1s eliminaci\u00f3n de hierro<\/li>\n<li>V\u00e1lvula de enjuague de f\u00e1cil servicio<\/li>\n<li>Acondicionamiento de agua sin sal<\/li>\n<li>Descalcificador de filtro de agua para toda la casa<\/li>\n<\/ul>","protected":false},"featured_media":1826,"comment_status":"closed","ping_status":"closed","template":"","meta":[],"product_brand":[235],"product_cat":[226,225,152,21],"product_tag":[231,233],"class_list":{"0":"post-1825","1":"product","2":"type-product","3":"status-publish","4":"has-post-thumbnail","6":"product_brand-silkwater","7":"product_cat-conditioner-filter","8":"product_cat-electronic-descaler-residential","9":"product_cat-residential","10":"product_cat-water-conditioner-residential","11":"product_tag-sw305","12":"product_tag-wd","13":"product_shipping_class-residential","15":"first","16":"instock","17":"featured","18":"shipping-taxable","19":"purchasable","20":"product-type-simple"},"jetpack_sharing_enabled":true,"_links":{"self":[{"href":"https:\/\/silksoftwater.com\/es\/wp-json\/wp\/v2\/product\/1825","targetHints":{"allow":["GET"]}}],"collection":[{"href":"https:\/\/silksoftwater.com\/es\/wp-json\/wp\/v2\/product"}],"about":[{"href":"https:\/\/silksoftwater.com\/es\/wp-json\/wp\/v2\/types\/product"}],"replies":[{"embeddable":true,"href":"https:\/\/silksoftwater.com\/es\/wp-json\/wp\/v2\/comments?post=1825"}],"wp:featuredmedia":[{"embeddable":true,"href":"https:\/\/silksoftwater.com\/es\/wp-json\/wp\/v2\/media\/1826"}],"wp:attachment":[{"href":"https:\/\/silksoftwater.com\/es\/wp-json\/wp\/v2\/media?parent=1825"}],"wp:term":[{"taxonomy":"product_brand","embeddable":true,"href":"https:\/\/silksoftwater.com\/es\/wp-json\/wp\/v2\/product_brand?post=1825"},{"taxonomy":"product_cat","embeddable":true,"href":"https:\/\/silksoftwater.com\/es\/wp-json\/wp\/v2\/product_cat?post=1825"},{"taxonomy":"product_tag","embeddable":true,"href":"https:\/\/silksoftwater.com\/es\/wp-json\/wp\/v2\/product_tag?post=1825"}],"curies":[{"name":"wp","href":"https:\/\/api.w.org\/{rel}","templated":true}]}}