{"id":189,"date":"2018-10-23T18:54:30","date_gmt":"2018-10-23T15:54:30","guid":{"rendered":"https:\/\/silksoftwater.com\/?post_type=product&#038;p=189"},"modified":"2025-08-11T14:54:43","modified_gmt":"2025-08-11T11:54:43","slug":"sw100-agua-acondicionador-de-agua-rv","status":"publish","type":"product","link":"https:\/\/silksoftwater.com\/es\/producto\/sw100-agua-acondicionador-de-agua-rv\/","title":{"rendered":"Acondicionador de agua SW100 para veh\u00edculos recreativos"},"content":{"rendered":"<p><strong>Descalcificador compacto de filtros de agua de triple acci\u00f3n.<\/strong> Para casas m\u00f3viles, veh\u00edculos recreativos o caravanas, disfrute de agua potable m\u00e1s limpia, pura y de mejor sabor con el filtro de agua y descalcificador compacto de triple acci\u00f3n Silkwater. A diferencia de los ablandadores de agua convencionales que usan sal para ablandar el agua y as\u00ed despojarla de minerales valiosos, el filtro de agua compacto de triple acci\u00f3n con descalcificador retiene los minerales valiosos que tienen beneficios para la salud. El agua que se ablanda con un ablandador de agua est\u00e1ndar no tiene buen sabor, contiene niveles m\u00e1s altos de sodio (sal), lo que no se recomienda para personas con enfermedades card\u00edacas y no es ideal para sistemas s\u00e9pticos. El acondicionador de agua dura de triple acci\u00f3n realiza tres funciones separadas en una unidad de filtraci\u00f3n compacta y f\u00e1cil de instalar.<\/p>\n<ul>\n<li>El agua entrante pasa a trav\u00e9s del n\u00facleo de control principal SW100 para descomponer las incrustaciones de calcio en cristales de aragonita.<\/li>\n<li>A continuaci\u00f3n, el agua tratada pasa por un tratamiento con silifos a partir de cristales de polifosfato.<\/li>\n<li>El agua acondicionada se filtra a medida que pasa a trav\u00e9s del filtro de malla de acero inoxidable de 50 micrones.<\/li>\n<\/ul>\n<p>Aunque el calcio tratado se ha convertido en aragonito, se mantiene en suspensi\u00f3n gracias a la acci\u00f3n de los polifosfatos. Y mantiene los beneficios para la salud al dejar los minerales en el agua. Disfrutar\u00e1 de agua potable limpia y con un sabor natural sin utilizar sal para tratarla.<\/p>\n<h4>Beneficios de usar el acondicionador de agua para veh\u00edculos recreativos SW100<\/h4>\n<ul>\n<li>Soluci\u00f3n compacta para agua potable de alta calidad del grifo<\/li>\n<li>Piel y cabello m\u00e1s suaves (sin esa sensaci\u00f3n resbaladiza)<\/li>\n<li>Hojas en minerales necesarios y beneficiosos.<\/li>\n<li>Reduce la acumulaci\u00f3n de cal en el sistema de plomer\u00eda de veh\u00edculos recreativos o autocaravanas.<\/li>\n<li>Reduce las manchas de agua dura en puertas de ducha y encimeras.<\/li>\n<li>No desperdicia agua<\/li>\n<li>No usa sal<\/li>\n<li>No usa electricidad<\/li>\n<li>Mejor para ti y el medio ambiente<\/li>\n<li>No es necesario comprar agua embotellada.<\/li>\n<li>Sin p\u00e9rdida de presi\u00f3n de agua.<\/li>\n<li>F\u00e1cil de instalar y mantener<\/li>\n<li>Sin tarifas de mantenimiento mensuales o anuales<\/li>\n<li>Soluci\u00f3n asequible para agua m\u00e1s pura y blanda<\/li>\n<li>Amigable con el medio ambiente<\/li>\n<\/ul>\n<p><a href=\"https:\/\/silksoftwater.com\/wp-content\/uploads\/2018\/10\/2018-10-25_00-05-41.gif\"><img loading=\"lazy\" decoding=\"async\" class=\"alignnone size-full wp-image-255\" src=\"https:\/\/silksoftwater.com\/wp-content\/uploads\/2018\/10\/2018-10-25_00-05-41.gif\" alt=\"\" width=\"939\" height=\"589\" \/><\/a><\/p>\n<hr \/>\n<p><img loading=\"lazy\" decoding=\"async\" class=\"aligncenter size-full wp-image-589\" src=\"https:\/\/silksoftwater.com\/wp-content\/uploads\/2018\/11\/ANSI_NSF-SCC-430x83.jpg\" alt=\"\" width=\"430\" height=\"83\" \/><\/p>","protected":false},"excerpt":{"rendered":"<ul>\n<li>Triple acci\u00f3n compacta<\/li>\n<li>Tratamiento de agua dura<\/li>\n<li>Acondicionamiento de agua sin sal<\/li>\n<li>Filtro de agua para casas rodantes y casas rodantes<\/li>\n<\/ul>","protected":false},"featured_media":323,"comment_status":"closed","ping_status":"closed","template":"","meta":[],"product_brand":[235],"product_cat":[152,21],"product_tag":[25,233],"class_list":{"0":"post-189","1":"product","2":"type-product","3":"status-publish","4":"has-post-thumbnail","6":"product_brand-silkwater","7":"product_cat-residential","8":"product_cat-water-conditioner-residential","9":"product_tag-sw100","10":"product_tag-wd","11":"product_shipping_class-residential","13":"first","14":"instock","15":"shipping-taxable","16":"purchasable","17":"product-type-simple"},"jetpack_sharing_enabled":true,"_links":{"self":[{"href":"https:\/\/silksoftwater.com\/es\/wp-json\/wp\/v2\/product\/189","targetHints":{"allow":["GET"]}}],"collection":[{"href":"https:\/\/silksoftwater.com\/es\/wp-json\/wp\/v2\/product"}],"about":[{"href":"https:\/\/silksoftwater.com\/es\/wp-json\/wp\/v2\/types\/product"}],"replies":[{"embeddable":true,"href":"https:\/\/silksoftwater.com\/es\/wp-json\/wp\/v2\/comments?post=189"}],"wp:featuredmedia":[{"embeddable":true,"href":"https:\/\/silksoftwater.com\/es\/wp-json\/wp\/v2\/media\/323"}],"wp:attachment":[{"href":"https:\/\/silksoftwater.com\/es\/wp-json\/wp\/v2\/media?parent=189"}],"wp:term":[{"taxonomy":"product_brand","embeddable":true,"href":"https:\/\/silksoftwater.com\/es\/wp-json\/wp\/v2\/product_brand?post=189"},{"taxonomy":"product_cat","embeddable":true,"href":"https:\/\/silksoftwater.com\/es\/wp-json\/wp\/v2\/product_cat?post=189"},{"taxonomy":"product_tag","embeddable":true,"href":"https:\/\/silksoftwater.com\/es\/wp-json\/wp\/v2\/product_tag?post=189"}],"curies":[{"name":"wp","href":"https:\/\/api.w.org\/{rel}","templated":true}]}}