{"id":250,"date":"2018-10-25T01:31:00","date_gmt":"2018-10-24T22:31:00","guid":{"rendered":"https:\/\/silksoftwater.com\/?post_type=product&#038;p=250"},"modified":"2025-11-18T14:16:47","modified_gmt":"2025-11-18T12:16:47","slug":"acondicionador-de-agua-sw150-ss","status":"publish","type":"product","link":"https:\/\/silksoftwater.com\/es\/producto\/acondicionador-de-agua-sw150-ss\/","title":{"rendered":"Acondicionador de agua SW150 SS"},"content":{"rendered":"<p><strong>Filtro de agua y descalcificador SS de triple acci\u00f3n.<\/strong> Para hogares de tama\u00f1o mediano, disfrute de agua potable m\u00e1s limpia, pura y de mejor sabor con el filtro de agua y descalcificador de triple acci\u00f3n Silkwater SS. A diferencia de los ablandadores de agua convencionales que usan sal para ablandar el agua y as\u00ed despojarla de minerales valiosos, el filtro de agua de triple acci\u00f3n de acero inoxidable con descalcificador retiene los minerales valiosos que tienen beneficios para la salud. El agua que se ablanda con un ablandador de agua est\u00e1ndar no tiene buen sabor, contiene niveles m\u00e1s altos de sodio (sal), lo que no se recomienda para personas con enfermedades card\u00edacas y no es ideal para sistemas s\u00e9pticos. El acondicionador de agua dura de triple acci\u00f3n realiza tres funciones separadas en una unidad de filtraci\u00f3n compacta y f\u00e1cil de instalar.<\/p>\n<ul>\n<li>El agua entrante pasa a trav\u00e9s del n\u00facleo de control principal SW150 para descomponer las incrustaciones de calcio en cristales de aragonita.<\/li>\n<li>A continuaci\u00f3n, el agua pasa por el filtro desferrizador de 2 micras.<\/li>\n<li>Luego, el agua tratada pasa por un tratamiento con silifos a partir de cristales de polifosfato.<\/li>\n<li>El agua acondicionada se filtra a\u00fan m\u00e1s a medida que pasa a trav\u00e9s del filtro de malla de acero inoxidable de 25 micrones.<\/li>\n<\/ul>\n<p>Aunque el calcio tratado se ha convertido en aragonito, se mantiene en suspensi\u00f3n gracias a la acci\u00f3n de los polifosfatos. Y mantiene los beneficios para la salud al dejar los minerales en el agua. Disfrutar\u00e1 de agua potable limpia y con un sabor natural sin utilizar sal para tratarla.<\/p>\n<p><a href=\"https:\/\/silksoftwater.com\/es\/producto\/swc-pp06-cartridge\/\">Para cartuchos de polifosfato de repuesto, consulte SWC-PP06<\/a><br \/>\n<a href=\"https:\/\/silksoftwater.com\/es\/producto\/cartuchos-swc-ir06\/\">Para cartuchos de eliminaci\u00f3n de hierro de repuesto, consulte SWC-IR06<\/a><br \/>\n<a href=\"https:\/\/silksoftwater.com\/es\/producto\/kit-de-mantenimiento-swc-ak12\/\">Para kit de cartuchos de polifosfato y desferrizador ver SWC-AK12<\/a><\/p>\n<h4>Beneficios de usar el acondicionador de agua SW150 SS<\/h4>\n<ul>\n<li>Agua potable de alta calidad de cada grifo de la casa.<\/li>\n<li>Piel y cabello m\u00e1s suaves (sin esa sensaci\u00f3n resbaladiza)<\/li>\n<li>Hojas en minerales necesarios y beneficiosos.<\/li>\n<li>Reduce la acumulaci\u00f3n de cal en plomer\u00eda y aparatos de agua.<\/li>\n<li>Reduce las manchas de agua dura en puertas de ducha y encimeras.<\/li>\n<li>No desperdicia agua<\/li>\n<li>No usa sal<\/li>\n<li>No usa electricidad<\/li>\n<li>Mejor para ti y el medio ambiente<\/li>\n<li>No es necesario comprar agua embotellada.<\/li>\n<li>Sin p\u00e9rdida de presi\u00f3n de agua.<\/li>\n<li>F\u00e1cil de instalar y mantener<\/li>\n<li>Sin tarifas de mantenimiento mensuales o anuales<\/li>\n<li>Soluci\u00f3n asequible para agua m\u00e1s pura y blanda<\/li>\n<li>Amigable con el medio ambiente<\/li>\n<li>Calidad y resistencia del acero inoxidable para entornos operativos dif\u00edciles<\/li>\n<\/ul>\n<p><a href=\"https:\/\/silksoftwater.com\/wp-content\/uploads\/2018\/10\/2018-10-25_00-05-41.gif\"><img loading=\"lazy\" decoding=\"async\" class=\"alignnone size-full wp-image-255\" src=\"https:\/\/silksoftwater.com\/wp-content\/uploads\/2018\/10\/2018-10-25_00-05-41.gif\" alt=\"\" width=\"939\" height=\"589\" \/><\/a><\/p>","protected":false},"excerpt":{"rendered":"<ul>\n<li>Tratamiento de agua dura<\/li>\n<li>Acondicionamiento de agua sin sal<\/li>\n<li>Triple acci\u00f3n<\/li>\n<li>Filtro de agua para toda la casa<\/li>\n<\/ul>","protected":false},"featured_media":1456,"comment_status":"closed","ping_status":"closed","template":"","meta":[],"product_brand":[235],"product_cat":[67,214,152,21],"product_tag":[23,233],"class_list":{"0":"post-250","1":"product","2":"type-product","3":"status-publish","4":"has-post-thumbnail","6":"product_brand-silkwater","7":"product_cat-conditioner-iron-removal","8":"product_cat-limescale-reducer-residential","9":"product_cat-residential","10":"product_cat-water-conditioner-residential","11":"product_tag-sw150","12":"product_tag-wd","13":"product_shipping_class-residential","15":"first","16":"instock","17":"shipping-taxable","18":"purchasable","19":"product-type-simple"},"jetpack_sharing_enabled":true,"_links":{"self":[{"href":"https:\/\/silksoftwater.com\/es\/wp-json\/wp\/v2\/product\/250","targetHints":{"allow":["GET"]}}],"collection":[{"href":"https:\/\/silksoftwater.com\/es\/wp-json\/wp\/v2\/product"}],"about":[{"href":"https:\/\/silksoftwater.com\/es\/wp-json\/wp\/v2\/types\/product"}],"replies":[{"embeddable":true,"href":"https:\/\/silksoftwater.com\/es\/wp-json\/wp\/v2\/comments?post=250"}],"wp:featuredmedia":[{"embeddable":true,"href":"https:\/\/silksoftwater.com\/es\/wp-json\/wp\/v2\/media\/1456"}],"wp:attachment":[{"href":"https:\/\/silksoftwater.com\/es\/wp-json\/wp\/v2\/media?parent=250"}],"wp:term":[{"taxonomy":"product_brand","embeddable":true,"href":"https:\/\/silksoftwater.com\/es\/wp-json\/wp\/v2\/product_brand?post=250"},{"taxonomy":"product_cat","embeddable":true,"href":"https:\/\/silksoftwater.com\/es\/wp-json\/wp\/v2\/product_cat?post=250"},{"taxonomy":"product_tag","embeddable":true,"href":"https:\/\/silksoftwater.com\/es\/wp-json\/wp\/v2\/product_tag?post=250"}],"curies":[{"name":"wp","href":"https:\/\/api.w.org\/{rel}","templated":true}]}}